{"id":24,"date":"2025-11-17T19:25:15","date_gmt":"2025-11-17T19:25:15","guid":{"rendered":"https:\/\/bulkdapa.site\/?page_id=24"},"modified":"2026-02-25T06:21:56","modified_gmt":"2026-02-25T06:21:56","slug":"terms","status":"publish","type":"page","link":"https:\/\/bulkdapa.site\/de\/terms\/","title":{"rendered":"Bedingungen"},"content":{"rendered":"<p>Letzte Aktualisierung: 18. November 2025<\/p>\n<p>Durch die Verwendung <a href=\"http:\/\/bulkDAPA.site\" target=\"_blank\" rel=\"noopener\"><strong>bulkDAPA.site<\/strong><\/a>Mit der Nutzung unserer Website erkl\u00e4ren Sie sich mit den folgenden Nutzungsbedingungen einverstanden. Sollten Sie diesen nicht zustimmen, bitten wir Sie, die Nutzung unserer Website einzustellen.<\/p>\n<h2>Zul\u00e4ssige Nutzung<\/h2>\n<p>Sie stimmen zu, Folgendes zu unterlassen:<\/p>\n<ul>\n<li>Nutzen Sie die Website f\u00fcr illegale Aktivit\u00e4ten<\/li>\n<li>Der Versuch, jegliche Funktionalit\u00e4t zu st\u00f6ren oder zu hacken, ist untersagt.<\/li>\n<li>Geben Sie sch\u00e4dliche oder b\u00f6sartige Skripte in unsere Tools ein.<\/li>\n<li>Unsere Dienste d\u00fcrfen nicht kopiert, zur\u00fcckentwickelt oder nachgebildet werden.<\/li>\n<\/ul>\n<h2>Werkzeuggenauigkeit<\/h2>\n<p>Unsere DA\/PA\/SS-Tools basieren auf Datenquellen von Drittanbietern. Wir \u00fcbernehmen keine Gew\u00e4hr f\u00fcr:<\/p>\n<ul>\n<li>Genauigkeit<\/li>\n<li>Verf\u00fcgbarkeit<\/li>\n<li>Kontinuit\u00e4t der Ergebnisse<\/li>\n<\/ul>\n<h2>Geistiges Eigentum<\/h2>\n<p>Alle Inhalte, Marken und Tools auf bulkDAPA.site sind unser Eigentum. Unerlaubtes Kopieren oder Weiterverbreiten ist nicht gestattet.<\/p>\n<h2>Haftungsbeschr\u00e4nkung<\/h2>\n<p>Wir haften nicht f\u00fcr:<\/p>\n<ul>\n<li>Verluste, die durch ungenaue Ergebnisse entstehen<\/li>\n<li>Ausfallzeiten oder technische Probleme<\/li>\n<li>Jegliche Sch\u00e4den, die durch die Nutzung unserer Werkzeuge entstehen<\/li>\n<\/ul>\n<h2>\u00c4nderungen der Nutzungsbedingungen<\/h2>\n<p>Wir k\u00f6nnen unsere Nutzungsbedingungen jederzeit aktualisieren. Die fortgesetzte Nutzung bedeutet die Zustimmung zu den aktualisierten Bedingungen.<\/p>\n<p>&nbsp;<\/p>","protected":false},"excerpt":{"rendered":"<p>Last Updated: Nov 18 2025 By using bulkDAPA.site, you agree to the following Terms of Use. If you do not [&hellip;]<\/p>","protected":false},"author":2,"featured_media":0,"parent":0,"menu_order":0,"comment_status":"closed","ping_status":"closed","template":"","meta":{"_acf_changed":false,"site-sidebar-layout":"default","site-content-layout":"","ast-site-content-layout":"default","site-content-style":"default","site-sidebar-style":"default","ast-global-header-display":"","ast-banner-title-visibility":"","ast-main-header-display":"","ast-hfb-above-header-display":"","ast-hfb-below-header-display":"","ast-hfb-mobile-header-display":"","site-post-title":"","ast-breadcrumbs-content":"","ast-featured-img":"","footer-sml-layout":"","ast-disable-related-posts":"","theme-transparent-header-meta":"default","adv-header-id-meta":"","stick-header-meta":"","header-above-stick-meta":"","header-main-stick-meta":"","header-below-stick-meta":"","astra-migrate-meta-layouts":"set","ast-page-background-enabled":"default","ast-page-background-meta":{"desktop":{"background-color":"var(--ast-global-color-5)","background-image":"","background-repeat":"repeat","background-position":"center center","background-size":"auto","background-attachment":"scroll","background-type":"","background-media":"","overlay-type":"","overlay-color":"","overlay-opacity":"","overlay-gradient":""},"tablet":{"background-color":"","background-image":"","background-repeat":"repeat","background-position":"center center","background-size":"auto","background-attachment":"scroll","background-type":"","background-media":"","overlay-type":"","overlay-color":"","overlay-opacity":"","overlay-gradient":""},"mobile":{"background-color":"","background-image":"","background-repeat":"repeat","background-position":"center center","background-size":"auto","background-attachment":"scroll","background-type":"","background-media":"","overlay-type":"","overlay-color":"","overlay-opacity":"","overlay-gradient":""}},"ast-content-background-meta":{"desktop":{"background-color":"var(--ast-global-color-4)","background-image":"","background-repeat":"repeat","background-position":"center center","background-size":"auto","background-attachment":"scroll","background-type":"","background-media":"","overlay-type":"","overlay-color":"","overlay-opacity":"","overlay-gradient":""},"tablet":{"background-color":"var(--ast-global-color-4)","background-image":"","background-repeat":"repeat","background-position":"center center","background-size":"auto","background-attachment":"scroll","background-type":"","background-media":"","overlay-type":"","overlay-color":"","overlay-opacity":"","overlay-gradient":""},"mobile":{"background-color":"var(--ast-global-color-4)","background-image":"","background-repeat":"repeat","background-position":"center center","background-size":"auto","background-attachment":"scroll","background-type":"","background-media":"","overlay-type":"","overlay-color":"","overlay-opacity":"","overlay-gradient":""}},"footnotes":""},"class_list":["post-24","page","type-page","status-publish","hentry"],"acf":[],"_links":{"self":[{"href":"https:\/\/bulkdapa.site\/de\/wp-json\/wp\/v2\/pages\/24","targetHints":{"allow":["GET"]}}],"collection":[{"href":"https:\/\/bulkdapa.site\/de\/wp-json\/wp\/v2\/pages"}],"about":[{"href":"https:\/\/bulkdapa.site\/de\/wp-json\/wp\/v2\/types\/page"}],"author":[{"embeddable":true,"href":"https:\/\/bulkdapa.site\/de\/wp-json\/wp\/v2\/users\/2"}],"replies":[{"embeddable":true,"href":"https:\/\/bulkdapa.site\/de\/wp-json\/wp\/v2\/comments?post=24"}],"version-history":[{"count":3,"href":"https:\/\/bulkdapa.site\/de\/wp-json\/wp\/v2\/pages\/24\/revisions"}],"predecessor-version":[{"id":821,"href":"https:\/\/bulkdapa.site\/de\/wp-json\/wp\/v2\/pages\/24\/revisions\/821"}],"wp:attachment":[{"href":"https:\/\/bulkdapa.site\/de\/wp-json\/wp\/v2\/media?parent=24"}],"curies":[{"name":"wp","href":"https:\/\/api.w.org\/{rel}","templated":true}]}}