{"id":838,"date":"2026-02-28T19:43:16","date_gmt":"2026-02-28T19:43:16","guid":{"rendered":"https:\/\/bulkdapa.site\/?page_id=838"},"modified":"2026-02-28T20:32:42","modified_gmt":"2026-02-28T20:32:42","slug":"write-for-us","status":"publish","type":"page","link":"https:\/\/bulkdapa.site\/de\/write-for-us\/","title":{"rendered":"Schreiben Sie f\u00fcr uns"},"content":{"rendered":"<div data-elementor-type=\"wp-page\" data-elementor-id=\"838\" class=\"elementor elementor-838\" data-elementor-post-type=\"page\">\n\t\t\t\t<div class=\"elementor-element elementor-element-3b3c517 e-flex e-con-boxed e-con e-parent\" data-id=\"3b3c517\" data-element_type=\"container\" data-e-type=\"container\">\n\t\t\t\t\t<div class=\"e-con-inner\">\n\t\t<div class=\"elementor-element elementor-element-c6b24f0 e-con-full e-flex e-con e-child\" data-id=\"c6b24f0\" data-element_type=\"container\" data-e-type=\"container\" data-settings=\"{&quot;background_background&quot;:&quot;classic&quot;}\">\n\t\t\t\t<div class=\"elementor-element elementor-element-8ac1341 elementor-widget elementor-widget-image\" data-id=\"8ac1341\" data-element_type=\"widget\" data-e-type=\"widget\" data-widget_type=\"image.default\">\n\t\t\t\t\t\t\t\t\t\t\t\t\t\t\t<img fetchpriority=\"high\" decoding=\"async\" width=\"1280\" height=\"720\" src=\"https:\/\/bulkdapa.site\/wp-content\/uploads\/2026\/02\/Write-For-Us-1.png\" class=\"attachment-full size-full wp-image-841\" alt=\"write for us\" srcset=\"https:\/\/bulkdapa.site\/wp-content\/uploads\/2026\/02\/Write-For-Us-1.png 1280w, https:\/\/bulkdapa.site\/wp-content\/uploads\/2026\/02\/Write-For-Us-1-300x169.png 300w, https:\/\/bulkdapa.site\/wp-content\/uploads\/2026\/02\/Write-For-Us-1-1024x576.png 1024w, https:\/\/bulkdapa.site\/wp-content\/uploads\/2026\/02\/Write-For-Us-1-768x432.png 768w\" sizes=\"(max-width: 1280px) 100vw, 1280px\" \/>\t\t\t\t\t\t\t\t\t\t\t\t\t\t\t<\/div>\n\t\t\t\t<div class=\"elementor-element elementor-element-39434ad elementor-widget elementor-widget-heading\" data-id=\"39434ad\" data-element_type=\"widget\" data-e-type=\"widget\" data-widget_type=\"heading.default\">\n\t\t\t\t\t<h1 class=\"elementor-heading-title elementor-size-default\">Schreiben Sie f\u00fcr uns<\/h1>\t\t\t\t<\/div>\n\t\t\t\t<div class=\"elementor-element elementor-element-c48d7cc elementor-widget elementor-widget-text-editor\" data-id=\"c48d7cc\" data-element_type=\"widget\" data-e-type=\"widget\" data-widget_type=\"text-editor.default\">\n\t\t\t\t\t\t\t\t\t<h2>Reichen Sie Ihren Blog bei BulkDapa.site ein.<\/h2><p>BulkDapa.site ist eine spezialisierte Plattform f\u00fcr SEO-Tools, digitale Marketingdienstleistungen und hochwertige Schulungsinhalte. Wir ver\u00f6ffentlichen praxisorientierte Anleitungen, toolbasierte L\u00f6sungen und ausf\u00fchrliche Artikel, die Website-Betreibern, Bloggern, Marketern und Agenturen helfen, ihr Suchmaschinenranking und ihre Online-Sichtbarkeit zu verbessern.<\/p><p>Wenn Sie sich auf SEO, digitales Marketing, Website-Optimierung oder verwandte Dienstleistungen spezialisiert haben, laden wir Sie herzlich ein, Ihr Fachwissen mit unserem wachsenden Publikum zu teilen.<\/p><p>Wir haben eine professionelle Community aus SEO-Experten, Entwicklern und Content-Erstellern aufgebaut. Leser aus aller Welt besuchen BulkDapa.site, um unsere SEO-Tools zu nutzen und bew\u00e4hrte Strategien f\u00fcr Traffic-Wachstum und Autorit\u00e4tsaufbau kennenzulernen. Gastautoren erhalten einen kostenlosen Do-Follow-Backlink und erreichen eine zielgerichtete SEO-Zielgruppe.<\/p><h2>Themen f\u00fcr Gastbeitr\u00e4ge, die wir akzeptieren<\/h2><p>Wir akzeptieren derzeit Gastbeitr\u00e4ge zu folgenden Themen:<\/p><ul><li><p>Suchmaschinenoptimierung (SEO)<\/p><\/li><li><p>Domain Authority (DA) und Page Authority (PA)<\/p><\/li><li><p>Linkbuilding-Strategien<\/p><\/li><li><p>Keyword-Recherche<\/p><\/li><li><p>On-Page-SEO<\/p><\/li><li><p>Offpage-SEO<\/p><\/li><li><p>Technische SEO<\/p><\/li><li><p>Lokale Suchmaschinenoptimierung<\/p><\/li><li><p>SEO-Tools und Software-Bewertungen<\/p><\/li><li><p>Digitale Marketingstrategien<\/p><\/li><li><p>Content-Marketing<\/p><\/li><li><p>Website-Optimierung<\/p><\/li><li><p>Bloggen und Affiliate-Marketing (SEO-fokussiert)<\/p><\/li><li><p>Webentwicklung (nur SEO-bezogene Themen)<\/p><\/li><\/ul><p>Die Inhalte m\u00fcssen in direktem Zusammenhang mit SEO, digitalem Marketing oder Website-Wachstum stehen. Allgemeine Lifestyle- oder Unterhaltungsthemen werden nicht akzeptiert.<\/p><h2>Richtlinien f\u00fcr die Einreichung von Gastbeitr\u00e4gen<\/h2><p>Um Qualit\u00e4t und Relevanz zu gew\u00e4hrleisten, beachten Sie bitte folgende Richtlinien:<\/p><ul><li><p>Der Artikel muss mindestens 600 W\u00f6rter umfassen.<\/p><\/li><li><p>Der Inhalt muss zu 100 % originell, einzigartig und nirgendwo anders ver\u00f6ffentlicht sein.<\/p><\/li><li><p>Eine gr\u00fcndliche Keyword-Recherche wird empfohlen, vorzugsweise mit Fokus auf Long-Tail-Keywords.<\/p><\/li><li><p>Nat\u00fcrliche Keyword-Dichte und SEO-freundliche Struktur beibehalten.<\/p><\/li><li><p>Artikel m\u00fcssen eine korrekte Grammatik, eine klare Formatierung und gut strukturierte \u00dcberschriften aufweisen.<\/p><\/li><li><p>Inhalte, die durch Manipulation, Duplikate oder KI-Spam generiert werden, werden abgelehnt.<\/p><\/li><li><p>Ein relevanter Do-Follow-Backlink zu Ihrer Website ist zul\u00e4ssig.<\/p><\/li><li><p>Der Link muss zum Thema des Artikels und zur Nische Ihrer Website passen.<\/p><\/li><li><p>Irrelevante Links werden nicht akzeptiert.<\/p><\/li><li><p>Mindestens ein relevantes Bild muss beigef\u00fcgt werden (mehrere werden f\u00fcr eine bessere Pr\u00e4sentation empfohlen).<\/p><\/li><li><p>Affiliate-, Casino-, Gl\u00fccksspiel-, Erwachsenen-, Pharma- oder illegale Inhalte sind strengstens verboten.<\/p><\/li><\/ul><p>Wir bieten Ihnen einen kostenlosen Do-Follow-Backlink zu Ihrer Website innerhalb des Artikels an. F\u00fcr Werbe- oder servicebezogene Links, die nicht SEO-relevant sind, ist eine redaktionelle Genehmigung erforderlich.<\/p><h2>Pr\u00fcf- und Ver\u00f6ffentlichungsprozess<\/h2><p>Alle eingereichten Inhalte werden manuell auf Qualit\u00e4t, Originalit\u00e4t und SEO-Wert gepr\u00fcft.<\/p><ul><li><p>Bearbeitungszeit: Bis zu 24 Stunden<\/p><\/li><li><p>Ver\u00f6ffentlichungszeitpunkt (bei Genehmigung): Innerhalb von 24 Stunden nach Genehmigung<\/p><\/li><\/ul><p>Wir behalten uns das Recht vor, Inhalte vor der Ver\u00f6ffentlichung im Hinblick auf Klarheit, Formatierung oder Suchmaschinenoptimierung zu bearbeiten.<\/p><h2>So reichen Sie Ihren Artikel ein<\/h2><p>Um Ihren Gastbeitrag einzureichen, senden Sie bitte Ihren Artikel im Word- oder Google Docs-Format per E-Mail zusammen mit:<\/p><ul><li><p>Website-URL<\/p><\/li><li><p>Ziel-Keyword<\/p><\/li><\/ul><p>Senden Sie Ihre Einsendung an:<\/p><p><strong>E-Mail:<\/strong> <a href=\"mailto:support@bulkdapa.site\">support@bulkdapa.site<\/a><\/p><p>Werden Sie Mitwirkender bei BulkDapa.site und teilen Sie Ihr SEO-Wissen mit einem fokussierten, globalen Publikum im Bereich digitales Marketing.<\/p>\t\t\t\t\t\t\t\t<\/div>\n\t\t\t\t<\/div>\n\t\t\t\t\t<\/div>\n\t\t\t\t<\/div>\n\t\t\t\t<\/div>","protected":false},"excerpt":{"rendered":"<p>Write For Us Submit Your Blog to BulkDapa.site BulkDapa.site is a dedicated platform focused on SEO tools, digital marketing services, [&hellip;]<\/p>","protected":false},"author":2,"featured_media":0,"parent":0,"menu_order":0,"comment_status":"closed","ping_status":"closed","template":"","meta":{"_acf_changed":false,"site-sidebar-layout":"no-sidebar","site-content-layout":"","ast-site-content-layout":"full-width-container","site-content-style":"default","site-sidebar-style":"default","ast-global-header-display":"","ast-banner-title-visibility":"","ast-main-header-display":"","ast-hfb-above-header-display":"","ast-hfb-below-header-display":"","ast-hfb-mobile-header-display":"","site-post-title":"disabled","ast-breadcrumbs-content":"","ast-featured-img":"disabled","footer-sml-layout":"","ast-disable-related-posts":"","theme-transparent-header-meta":"default","adv-header-id-meta":"","stick-header-meta":"","header-above-stick-meta":"","header-main-stick-meta":"","header-below-stick-meta":"","astra-migrate-meta-layouts":"set","ast-page-background-enabled":"default","ast-page-background-meta":{"desktop":{"background-color":"var(--ast-global-color-5)","background-image":"","background-repeat":"repeat","background-position":"center center","background-size":"auto","background-attachment":"scroll","background-type":"","background-media":"","overlay-type":"","overlay-color":"","overlay-opacity":"","overlay-gradient":""},"tablet":{"background-color":"","background-image":"","background-repeat":"repeat","background-position":"center center","background-size":"auto","background-attachment":"scroll","background-type":"","background-media":"","overlay-type":"","overlay-color":"","overlay-opacity":"","overlay-gradient":""},"mobile":{"background-color":"","background-image":"","background-repeat":"repeat","background-position":"center center","background-size":"auto","background-attachment":"scroll","background-type":"","background-media":"","overlay-type":"","overlay-color":"","overlay-opacity":"","overlay-gradient":""}},"ast-content-background-meta":{"desktop":{"background-color":"var(--ast-global-color-4)","background-image":"","background-repeat":"repeat","background-position":"center center","background-size":"auto","background-attachment":"scroll","background-type":"","background-media":"","overlay-type":"","overlay-color":"","overlay-opacity":"","overlay-gradient":""},"tablet":{"background-color":"var(--ast-global-color-4)","background-image":"","background-repeat":"repeat","background-position":"center center","background-size":"auto","background-attachment":"scroll","background-type":"","background-media":"","overlay-type":"","overlay-color":"","overlay-opacity":"","overlay-gradient":""},"mobile":{"background-color":"var(--ast-global-color-4)","background-image":"","background-repeat":"repeat","background-position":"center center","background-size":"auto","background-attachment":"scroll","background-type":"","background-media":"","overlay-type":"","overlay-color":"","overlay-opacity":"","overlay-gradient":""}},"footnotes":""},"class_list":["post-838","page","type-page","status-publish","hentry"],"acf":[],"_links":{"self":[{"href":"https:\/\/bulkdapa.site\/de\/wp-json\/wp\/v2\/pages\/838","targetHints":{"allow":["GET"]}}],"collection":[{"href":"https:\/\/bulkdapa.site\/de\/wp-json\/wp\/v2\/pages"}],"about":[{"href":"https:\/\/bulkdapa.site\/de\/wp-json\/wp\/v2\/types\/page"}],"author":[{"embeddable":true,"href":"https:\/\/bulkdapa.site\/de\/wp-json\/wp\/v2\/users\/2"}],"replies":[{"embeddable":true,"href":"https:\/\/bulkdapa.site\/de\/wp-json\/wp\/v2\/comments?post=838"}],"version-history":[{"count":29,"href":"https:\/\/bulkdapa.site\/de\/wp-json\/wp\/v2\/pages\/838\/revisions"}],"predecessor-version":[{"id":869,"href":"https:\/\/bulkdapa.site\/de\/wp-json\/wp\/v2\/pages\/838\/revisions\/869"}],"wp:attachment":[{"href":"https:\/\/bulkdapa.site\/de\/wp-json\/wp\/v2\/media?parent=838"}],"curies":[{"name":"wp","href":"https:\/\/api.w.org\/{rel}","templated":true}]}}