{"id":24,"date":"2025-11-17T19:25:15","date_gmt":"2025-11-17T19:25:15","guid":{"rendered":"https:\/\/bulkdapa.site\/?page_id=24"},"modified":"2026-02-25T06:21:56","modified_gmt":"2026-02-25T06:21:56","slug":"terms","status":"publish","type":"page","link":"https:\/\/bulkdapa.site\/es\/terms\/","title":{"rendered":"T\u00e9rminos"},"content":{"rendered":"<p>\u00daltima actualizaci\u00f3n: 18 de noviembre de 2025<\/p>\n<p>Al usar <a href=\"http:\/\/bulkDAPA.site\" target=\"_blank\" rel=\"noopener\"><strong>sitio web bulkDAPA<\/strong><\/a>Al utilizar nuestro sitio web, usted acepta los siguientes T\u00e9rminos de uso. Si no est\u00e1 de acuerdo, por favor, deje de usarlo.<\/p>\n<h2>Uso aceptable<\/h2>\n<p>Usted acepta no:<\/p>\n<ul>\n<li>Utilizar el sitio para actividades ilegales<\/li>\n<li>Intentar interrumpir o piratear cualquier funcionalidad<\/li>\n<li>Introduzca scripts maliciosos o da\u00f1inos en nuestras herramientas.<\/li>\n<li>Copiar, aplicar ingenier\u00eda inversa o replicar nuestros servicios<\/li>\n<\/ul>\n<h2>Precisi\u00f3n de la herramienta<\/h2>\n<p>Nuestras herramientas DA\/PA\/SS dependen de fuentes de datos de terceros. No garantizamos:<\/p>\n<ul>\n<li>Exactitud<\/li>\n<li>Disponibilidad<\/li>\n<li>Continuidad de los resultados<\/li>\n<\/ul>\n<h2>Propiedad intelectual<\/h2>\n<p>Todos los contenidos, marcas y herramientas de bulkDAPA.site son propiedad nuestra. Queda prohibida su copia o redistribuci\u00f3n no autorizada.<\/p>\n<h2>Limitaci\u00f3n de responsabilidad<\/h2>\n<p>No nos hacemos responsables de:<\/p>\n<ul>\n<li>P\u00e9rdidas derivadas de resultados inexactos<\/li>\n<li>Tiempos de inactividad o problemas t\u00e9cnicos<\/li>\n<li>Cualquier da\u00f1o derivado del uso de nuestras herramientas<\/li>\n<\/ul>\n<h2>Cambios en los t\u00e9rminos<\/h2>\n<p>Podemos actualizar nuestras Condiciones de uso en cualquier momento. El uso continuado implica la aceptaci\u00f3n de las condiciones actualizadas.<\/p>\n<p>&nbsp;<\/p>","protected":false},"excerpt":{"rendered":"<p>Last Updated: Nov 18 2025 By using bulkDAPA.site, you agree to the following Terms of Use. If you do not [&hellip;]<\/p>","protected":false},"author":2,"featured_media":0,"parent":0,"menu_order":0,"comment_status":"closed","ping_status":"closed","template":"","meta":{"_acf_changed":false,"site-sidebar-layout":"default","site-content-layout":"","ast-site-content-layout":"default","site-content-style":"default","site-sidebar-style":"default","ast-global-header-display":"","ast-banner-title-visibility":"","ast-main-header-display":"","ast-hfb-above-header-display":"","ast-hfb-below-header-display":"","ast-hfb-mobile-header-display":"","site-post-title":"","ast-breadcrumbs-content":"","ast-featured-img":"","footer-sml-layout":"","ast-disable-related-posts":"","theme-transparent-header-meta":"default","adv-header-id-meta":"","stick-header-meta":"","header-above-stick-meta":"","header-main-stick-meta":"","header-below-stick-meta":"","astra-migrate-meta-layouts":"set","ast-page-background-enabled":"default","ast-page-background-meta":{"desktop":{"background-color":"var(--ast-global-color-5)","background-image":"","background-repeat":"repeat","background-position":"center center","background-size":"auto","background-attachment":"scroll","background-type":"","background-media":"","overlay-type":"","overlay-color":"","overlay-opacity":"","overlay-gradient":""},"tablet":{"background-color":"","background-image":"","background-repeat":"repeat","background-position":"center center","background-size":"auto","background-attachment":"scroll","background-type":"","background-media":"","overlay-type":"","overlay-color":"","overlay-opacity":"","overlay-gradient":""},"mobile":{"background-color":"","background-image":"","background-repeat":"repeat","background-position":"center center","background-size":"auto","background-attachment":"scroll","background-type":"","background-media":"","overlay-type":"","overlay-color":"","overlay-opacity":"","overlay-gradient":""}},"ast-content-background-meta":{"desktop":{"background-color":"var(--ast-global-color-4)","background-image":"","background-repeat":"repeat","background-position":"center center","background-size":"auto","background-attachment":"scroll","background-type":"","background-media":"","overlay-type":"","overlay-color":"","overlay-opacity":"","overlay-gradient":""},"tablet":{"background-color":"var(--ast-global-color-4)","background-image":"","background-repeat":"repeat","background-position":"center center","background-size":"auto","background-attachment":"scroll","background-type":"","background-media":"","overlay-type":"","overlay-color":"","overlay-opacity":"","overlay-gradient":""},"mobile":{"background-color":"var(--ast-global-color-4)","background-image":"","background-repeat":"repeat","background-position":"center center","background-size":"auto","background-attachment":"scroll","background-type":"","background-media":"","overlay-type":"","overlay-color":"","overlay-opacity":"","overlay-gradient":""}},"footnotes":""},"class_list":["post-24","page","type-page","status-publish","hentry"],"acf":[],"_links":{"self":[{"href":"https:\/\/bulkdapa.site\/es\/wp-json\/wp\/v2\/pages\/24","targetHints":{"allow":["GET"]}}],"collection":[{"href":"https:\/\/bulkdapa.site\/es\/wp-json\/wp\/v2\/pages"}],"about":[{"href":"https:\/\/bulkdapa.site\/es\/wp-json\/wp\/v2\/types\/page"}],"author":[{"embeddable":true,"href":"https:\/\/bulkdapa.site\/es\/wp-json\/wp\/v2\/users\/2"}],"replies":[{"embeddable":true,"href":"https:\/\/bulkdapa.site\/es\/wp-json\/wp\/v2\/comments?post=24"}],"version-history":[{"count":3,"href":"https:\/\/bulkdapa.site\/es\/wp-json\/wp\/v2\/pages\/24\/revisions"}],"predecessor-version":[{"id":821,"href":"https:\/\/bulkdapa.site\/es\/wp-json\/wp\/v2\/pages\/24\/revisions\/821"}],"wp:attachment":[{"href":"https:\/\/bulkdapa.site\/es\/wp-json\/wp\/v2\/media?parent=24"}],"curies":[{"name":"wp","href":"https:\/\/api.w.org\/{rel}","templated":true}]}}