{"id":30,"date":"2025-11-17T19:26:21","date_gmt":"2025-11-17T19:26:21","guid":{"rendered":"https:\/\/bulkdapa.site\/?page_id=30"},"modified":"2026-03-26T07:01:56","modified_gmt":"2026-03-26T07:01:56","slug":"dmca","status":"publish","type":"page","link":"https:\/\/bulkdapa.site\/es\/dmca\/","title":{"rendered":"DMCA"},"content":{"rendered":"<p>Respetamos los derechos de propiedad intelectual y cumplimos con la ley. <strong>Ley de Derechos de Autor del Milenio Digital (DMCA)<\/strong>.<\/p>\n<p>Si cree que su material protegido por derechos de autor ha sido utilizado en <a href=\"http:\/\/bulkdapa.site\/es\/\"><strong>sitio web de datos a granel<\/strong><\/a>\u00a0Si detecta alguna infracci\u00f3n, p\u00f3ngase en contacto con nosotros proporcion\u00e1ndonos los siguientes datos:<\/p>\n<ol start=\"1\" data-spread=\"false\">\n<li>Su nombre legal e informaci\u00f3n de contacto.<\/li>\n<li>Descripci\u00f3n del material protegido por derechos de autor.<\/li>\n<li>La URL exacta donde se encuentra el contenido infractor.<\/li>\n<li>Un comunicado que confirma:\n<ul data-spread=\"false\">\n<li>Usted es el propietario de los derechos de autor o est\u00e1 autorizado para actuar en su nombre.<\/li>\n<li>La informaci\u00f3n contenida en su notificaci\u00f3n es correcta.<\/li>\n<\/ul>\n<\/li>\n<li>Su firma f\u00edsica o digital.<\/li>\n<\/ol>\n<p>Env\u00ede todos los avisos de DMCA a:<\/p>\n<p><strong>Correo electr\u00f3nico: <a href=\"mailto:support@bulkdapa.site\">soporte@bulkdapa.site<\/a><\/strong><\/p>\n<p>Le responderemos en un plazo de 3 a 7 d\u00edas h\u00e1biles.<\/p>","protected":false},"excerpt":{"rendered":"<p>We respect intellectual property rights and comply with the Digital Millennium Copyright Act (DMCA). If you believe your copyrighted material [&hellip;]<\/p>","protected":false},"author":2,"featured_media":0,"parent":0,"menu_order":0,"comment_status":"closed","ping_status":"closed","template":"","meta":{"_acf_changed":false,"site-sidebar-layout":"default","site-content-layout":"","ast-site-content-layout":"default","site-content-style":"default","site-sidebar-style":"default","ast-global-header-display":"","ast-banner-title-visibility":"","ast-main-header-display":"","ast-hfb-above-header-display":"","ast-hfb-below-header-display":"","ast-hfb-mobile-header-display":"","site-post-title":"","ast-breadcrumbs-content":"","ast-featured-img":"","footer-sml-layout":"","ast-disable-related-posts":"","theme-transparent-header-meta":"default","adv-header-id-meta":"","stick-header-meta":"","header-above-stick-meta":"","header-main-stick-meta":"","header-below-stick-meta":"","astra-migrate-meta-layouts":"set","ast-page-background-enabled":"default","ast-page-background-meta":{"desktop":{"background-color":"var(--ast-global-color-5)","background-image":"","background-repeat":"repeat","background-position":"center center","background-size":"auto","background-attachment":"scroll","background-type":"","background-media":"","overlay-type":"","overlay-color":"","overlay-opacity":"","overlay-gradient":""},"tablet":{"background-color":"","background-image":"","background-repeat":"repeat","background-position":"center center","background-size":"auto","background-attachment":"scroll","background-type":"","background-media":"","overlay-type":"","overlay-color":"","overlay-opacity":"","overlay-gradient":""},"mobile":{"background-color":"","background-image":"","background-repeat":"repeat","background-position":"center center","background-size":"auto","background-attachment":"scroll","background-type":"","background-media":"","overlay-type":"","overlay-color":"","overlay-opacity":"","overlay-gradient":""}},"ast-content-background-meta":{"desktop":{"background-color":"var(--ast-global-color-4)","background-image":"","background-repeat":"repeat","background-position":"center center","background-size":"auto","background-attachment":"scroll","background-type":"","background-media":"","overlay-type":"","overlay-color":"","overlay-opacity":"","overlay-gradient":""},"tablet":{"background-color":"var(--ast-global-color-4)","background-image":"","background-repeat":"repeat","background-position":"center center","background-size":"auto","background-attachment":"scroll","background-type":"","background-media":"","overlay-type":"","overlay-color":"","overlay-opacity":"","overlay-gradient":""},"mobile":{"background-color":"var(--ast-global-color-4)","background-image":"","background-repeat":"repeat","background-position":"center center","background-size":"auto","background-attachment":"scroll","background-type":"","background-media":"","overlay-type":"","overlay-color":"","overlay-opacity":"","overlay-gradient":""}},"footnotes":""},"class_list":["post-30","page","type-page","status-publish","hentry"],"acf":[],"_links":{"self":[{"href":"https:\/\/bulkdapa.site\/es\/wp-json\/wp\/v2\/pages\/30","targetHints":{"allow":["GET"]}}],"collection":[{"href":"https:\/\/bulkdapa.site\/es\/wp-json\/wp\/v2\/pages"}],"about":[{"href":"https:\/\/bulkdapa.site\/es\/wp-json\/wp\/v2\/types\/page"}],"author":[{"embeddable":true,"href":"https:\/\/bulkdapa.site\/es\/wp-json\/wp\/v2\/users\/2"}],"replies":[{"embeddable":true,"href":"https:\/\/bulkdapa.site\/es\/wp-json\/wp\/v2\/comments?post=30"}],"version-history":[{"count":5,"href":"https:\/\/bulkdapa.site\/es\/wp-json\/wp\/v2\/pages\/30\/revisions"}],"predecessor-version":[{"id":1930,"href":"https:\/\/bulkdapa.site\/es\/wp-json\/wp\/v2\/pages\/30\/revisions\/1930"}],"wp:attachment":[{"href":"https:\/\/bulkdapa.site\/es\/wp-json\/wp\/v2\/media?parent=30"}],"curies":[{"name":"wp","href":"https:\/\/api.w.org\/{rel}","templated":true}]}}