{"id":838,"date":"2026-02-28T19:43:16","date_gmt":"2026-02-28T19:43:16","guid":{"rendered":"https:\/\/bulkdapa.site\/?page_id=838"},"modified":"2026-02-28T20:32:42","modified_gmt":"2026-02-28T20:32:42","slug":"write-for-us","status":"publish","type":"page","link":"https:\/\/bulkdapa.site\/es\/write-for-us\/","title":{"rendered":"Escribe para nosotros"},"content":{"rendered":"<div data-elementor-type=\"wp-page\" data-elementor-id=\"838\" class=\"elementor elementor-838\" data-elementor-post-type=\"page\">\n\t\t\t\t<div class=\"elementor-element elementor-element-3b3c517 e-flex e-con-boxed e-con e-parent\" data-id=\"3b3c517\" data-element_type=\"container\" data-e-type=\"container\">\n\t\t\t\t\t<div class=\"e-con-inner\">\n\t\t<div class=\"elementor-element elementor-element-c6b24f0 e-con-full e-flex e-con e-child\" data-id=\"c6b24f0\" data-element_type=\"container\" data-e-type=\"container\" data-settings=\"{&quot;background_background&quot;:&quot;classic&quot;}\">\n\t\t\t\t<div class=\"elementor-element elementor-element-8ac1341 elementor-widget elementor-widget-image\" data-id=\"8ac1341\" data-element_type=\"widget\" data-e-type=\"widget\" data-widget_type=\"image.default\">\n\t\t\t\t\t\t\t\t\t\t\t\t\t\t\t<img fetchpriority=\"high\" decoding=\"async\" width=\"1280\" height=\"720\" src=\"https:\/\/bulkdapa.site\/wp-content\/uploads\/2026\/02\/Write-For-Us-1.png\" class=\"attachment-full size-full wp-image-841\" alt=\"write for us\" srcset=\"https:\/\/bulkdapa.site\/wp-content\/uploads\/2026\/02\/Write-For-Us-1.png 1280w, https:\/\/bulkdapa.site\/wp-content\/uploads\/2026\/02\/Write-For-Us-1-300x169.png 300w, https:\/\/bulkdapa.site\/wp-content\/uploads\/2026\/02\/Write-For-Us-1-1024x576.png 1024w, https:\/\/bulkdapa.site\/wp-content\/uploads\/2026\/02\/Write-For-Us-1-768x432.png 768w\" sizes=\"(max-width: 1280px) 100vw, 1280px\" \/>\t\t\t\t\t\t\t\t\t\t\t\t\t\t\t<\/div>\n\t\t\t\t<div class=\"elementor-element elementor-element-39434ad elementor-widget elementor-widget-heading\" data-id=\"39434ad\" data-element_type=\"widget\" data-e-type=\"widget\" data-widget_type=\"heading.default\">\n\t\t\t\t\t<h1 class=\"elementor-heading-title elementor-size-default\">Escribe para nosotros<\/h1>\t\t\t\t<\/div>\n\t\t\t\t<div class=\"elementor-element elementor-element-c48d7cc elementor-widget elementor-widget-text-editor\" data-id=\"c48d7cc\" data-element_type=\"widget\" data-e-type=\"widget\" data-widget_type=\"text-editor.default\">\n\t\t\t\t\t\t\t\t\t<h2>Env\u00eda tu blog a BulkDapa.site<\/h2><p>BulkDapa.site es una plataforma especializada en herramientas SEO, servicios de marketing digital y contenido educativo de alta calidad. Publicamos gu\u00edas pr\u00e1cticas, soluciones basadas en herramientas y art\u00edculos detallados dise\u00f1ados para ayudar a propietarios de sitios web, blogueros, especialistas en marketing y agencias a mejorar su posicionamiento en buscadores y su visibilidad online.<\/p><p>Si te especializas en SEO, marketing digital, optimizaci\u00f3n de sitios web o servicios relacionados, te invitamos a contribuir y compartir tu experiencia con nuestra creciente audiencia.<\/p><p>Hemos creado una comunidad profesional de expertos en SEO, desarrolladores y creadores de contenido. Lectores de todo el mundo visitan BulkDapa.site para usar nuestras herramientas de SEO y aprender estrategias comprobadas para aumentar el tr\u00e1fico y consolidar la autoridad de su sitio web. Los colaboradores invitados reciben un enlace do-follow gratuito y acceso a una audiencia SEO espec\u00edfica.<\/p><h2>Temas para art\u00edculos de invitados que aceptamos<\/h2><p>Actualmente aceptamos art\u00edculos de invitados relacionados con:<\/p><ul><li><p>Optimizaci\u00f3n para motores de b\u00fasqueda (SEO)<\/p><\/li><li><p>Autoridad de dominio (AD) y autoridad de p\u00e1gina (AP)<\/p><\/li><li><p>Estrategias para la creaci\u00f3n de enlaces<\/p><\/li><li><p>Investigaci\u00f3n de palabras clave<\/p><\/li><li><p>SEO en la p\u00e1gina<\/p><\/li><li><p>SEO fuera de la p\u00e1gina<\/p><\/li><li><p>SEO t\u00e9cnico<\/p><\/li><li><p>SEO local<\/p><\/li><li><p>Rese\u00f1as de herramientas y software SEO<\/p><\/li><li><p>Estrategias de marketing digital<\/p><\/li><li><p>Marketing de contenidos<\/p><\/li><li><p>Optimizaci\u00f3n de sitios web<\/p><\/li><li><p>Blogueo y marketing de afiliaci\u00f3n (con enfoque en SEO)<\/p><\/li><li><p>Desarrollo web (solo temas relacionados con SEO)<\/p><\/li><\/ul><p>El contenido debe estar directamente relacionado con el SEO, el marketing digital o el crecimiento del sitio web. No se aceptan temas generales de estilo de vida o entretenimiento.<\/p><h2>Pautas para el env\u00edo de art\u00edculos de invitados<\/h2><p>Para mantener la calidad y la relevancia, siga estas directrices:<\/p><ul><li><p>El art\u00edculo debe tener una extensi\u00f3n m\u00ednima de 600 palabras.<\/p><\/li><li><p>El contenido debe ser 100% original, \u00fanico y no haber sido publicado en ning\u00fan otro lugar.<\/p><\/li><li><p>Se recomienda una investigaci\u00f3n adecuada de palabras clave, preferiblemente centr\u00e1ndose en palabras clave de cola larga.<\/p><\/li><li><p>Mant\u00e9n una densidad de palabras clave natural y una estructura optimizada para SEO.<\/p><\/li><li><p>Los art\u00edculos deben tener una gram\u00e1tica correcta, un formato claro y encabezados bien estructurados.<\/p><\/li><li><p>Se rechazar\u00e1 el contenido manipulado, el contenido duplicado o el contenido generado por IA que sea spam.<\/p><\/li><li><p>Se permite un enlace de retroceso relevante do-follow a su sitio web.<\/p><\/li><li><p>El enlace debe ser relevante para el tema del art\u00edculo y el nicho de su sitio web.<\/p><\/li><li><p>No se aceptar\u00e1n enlaces irrelevantes.<\/p><\/li><li><p>Debe incluirse al menos una imagen relevante (se recomienda incluir m\u00e1s para una mejor presentaci\u00f3n).<\/p><\/li><li><p>Se proh\u00edbe estrictamente cualquier contenido relacionado con afiliados, casinos, juegos de azar, contenido para adultos, productos farmac\u00e9uticos o contenido ilegal.<\/p><\/li><\/ul><p>Ofrecemos un enlace do-follow gratuito dentro del art\u00edculo que redirige a su sitio web. Para enlaces promocionales o de servicios que no sean relevantes para el SEO, se requiere aprobaci\u00f3n editorial.<\/p><h2>Proceso de revisi\u00f3n y publicaci\u00f3n<\/h2><p>Todo el contenido enviado se revisa manualmente para comprobar su calidad, originalidad y valor SEO.<\/p><ul><li><p>Tiempo de revisi\u00f3n: Hasta 24 horas<\/p><\/li><li><p>Plazo de publicaci\u00f3n (si se aprueba): Dentro de las 24 horas posteriores a la aprobaci\u00f3n.<\/p><\/li><\/ul><p>Nos reservamos el derecho de editar el contenido para mayor claridad, formato u optimizaci\u00f3n SEO antes de su publicaci\u00f3n.<\/p><h2>C\u00f3mo enviar tu art\u00edculo<\/h2><p>Para enviar su art\u00edculo como invitado, env\u00edelo por correo electr\u00f3nico en formato Word o Google Docs junto con:<\/p><ul><li><p>URL del sitio web<\/p><\/li><li><p>Palabra clave objetivo<\/p><\/li><\/ul><p>Env\u00ede su solicitud a:<\/p><p><strong>Correo electr\u00f3nico:<\/strong> <a href=\"mailto:support@bulkdapa.site\">soporte@bulkdapa.site<\/a><\/p><p>Convi\u00e9rtete en colaborador de BulkDapa.site y comparte tus conocimientos de SEO con una audiencia global y especializada en marketing digital.<\/p>\t\t\t\t\t\t\t\t<\/div>\n\t\t\t\t<\/div>\n\t\t\t\t\t<\/div>\n\t\t\t\t<\/div>\n\t\t\t\t<\/div>","protected":false},"excerpt":{"rendered":"<p>Write For Us Submit Your Blog to BulkDapa.site BulkDapa.site is a dedicated platform focused on SEO tools, digital marketing services, [&hellip;]<\/p>","protected":false},"author":2,"featured_media":0,"parent":0,"menu_order":0,"comment_status":"closed","ping_status":"closed","template":"","meta":{"_acf_changed":false,"site-sidebar-layout":"no-sidebar","site-content-layout":"","ast-site-content-layout":"full-width-container","site-content-style":"default","site-sidebar-style":"default","ast-global-header-display":"","ast-banner-title-visibility":"","ast-main-header-display":"","ast-hfb-above-header-display":"","ast-hfb-below-header-display":"","ast-hfb-mobile-header-display":"","site-post-title":"disabled","ast-breadcrumbs-content":"","ast-featured-img":"disabled","footer-sml-layout":"","ast-disable-related-posts":"","theme-transparent-header-meta":"default","adv-header-id-meta":"","stick-header-meta":"","header-above-stick-meta":"","header-main-stick-meta":"","header-below-stick-meta":"","astra-migrate-meta-layouts":"set","ast-page-background-enabled":"default","ast-page-background-meta":{"desktop":{"background-color":"var(--ast-global-color-5)","background-image":"","background-repeat":"repeat","background-position":"center center","background-size":"auto","background-attachment":"scroll","background-type":"","background-media":"","overlay-type":"","overlay-color":"","overlay-opacity":"","overlay-gradient":""},"tablet":{"background-color":"","background-image":"","background-repeat":"repeat","background-position":"center center","background-size":"auto","background-attachment":"scroll","background-type":"","background-media":"","overlay-type":"","overlay-color":"","overlay-opacity":"","overlay-gradient":""},"mobile":{"background-color":"","background-image":"","background-repeat":"repeat","background-position":"center center","background-size":"auto","background-attachment":"scroll","background-type":"","background-media":"","overlay-type":"","overlay-color":"","overlay-opacity":"","overlay-gradient":""}},"ast-content-background-meta":{"desktop":{"background-color":"var(--ast-global-color-4)","background-image":"","background-repeat":"repeat","background-position":"center center","background-size":"auto","background-attachment":"scroll","background-type":"","background-media":"","overlay-type":"","overlay-color":"","overlay-opacity":"","overlay-gradient":""},"tablet":{"background-color":"var(--ast-global-color-4)","background-image":"","background-repeat":"repeat","background-position":"center center","background-size":"auto","background-attachment":"scroll","background-type":"","background-media":"","overlay-type":"","overlay-color":"","overlay-opacity":"","overlay-gradient":""},"mobile":{"background-color":"var(--ast-global-color-4)","background-image":"","background-repeat":"repeat","background-position":"center center","background-size":"auto","background-attachment":"scroll","background-type":"","background-media":"","overlay-type":"","overlay-color":"","overlay-opacity":"","overlay-gradient":""}},"footnotes":""},"class_list":["post-838","page","type-page","status-publish","hentry"],"acf":[],"_links":{"self":[{"href":"https:\/\/bulkdapa.site\/es\/wp-json\/wp\/v2\/pages\/838","targetHints":{"allow":["GET"]}}],"collection":[{"href":"https:\/\/bulkdapa.site\/es\/wp-json\/wp\/v2\/pages"}],"about":[{"href":"https:\/\/bulkdapa.site\/es\/wp-json\/wp\/v2\/types\/page"}],"author":[{"embeddable":true,"href":"https:\/\/bulkdapa.site\/es\/wp-json\/wp\/v2\/users\/2"}],"replies":[{"embeddable":true,"href":"https:\/\/bulkdapa.site\/es\/wp-json\/wp\/v2\/comments?post=838"}],"version-history":[{"count":29,"href":"https:\/\/bulkdapa.site\/es\/wp-json\/wp\/v2\/pages\/838\/revisions"}],"predecessor-version":[{"id":869,"href":"https:\/\/bulkdapa.site\/es\/wp-json\/wp\/v2\/pages\/838\/revisions\/869"}],"wp:attachment":[{"href":"https:\/\/bulkdapa.site\/es\/wp-json\/wp\/v2\/media?parent=838"}],"curies":[{"name":"wp","href":"https:\/\/api.w.org\/{rel}","templated":true}]}}