{"id":24,"date":"2025-11-17T19:25:15","date_gmt":"2025-11-17T19:25:15","guid":{"rendered":"https:\/\/bulkdapa.site\/?page_id=24"},"modified":"2026-02-25T06:21:56","modified_gmt":"2026-02-25T06:21:56","slug":"terms","status":"publish","type":"page","link":"https:\/\/bulkdapa.site\/fr\/terms\/","title":{"rendered":"Termes"},"content":{"rendered":"<p>Derni\u00e8re mise \u00e0 jour : 18 novembre 2025<\/p>\n<p>En utilisant <a href=\"http:\/\/bulkDAPA.site\" target=\"_blank\" rel=\"noopener\"><strong>site bulkDAPA.<\/strong><\/a>En utilisant notre site web, vous acceptez les conditions d'utilisation suivantes. Si vous n'\u00eates pas d'accord, veuillez cesser de l'utiliser.<\/p>\n<h2>Utilisation acceptable<\/h2>\n<p>Vous vous engagez \u00e0 ne pas\u00a0:<\/p>\n<ul>\n<li>Utiliser le site pour des activit\u00e9s ill\u00e9gales<\/li>\n<li>Toute tentative de perturbation ou de piratage des fonctionnalit\u00e9s<\/li>\n<li>Saisissez des scripts malveillants ou nuisibles dans nos outils<\/li>\n<li>Copier, proc\u00e9der \u00e0 une ing\u00e9nierie inverse ou reproduire nos services<\/li>\n<\/ul>\n<h2>Pr\u00e9cision de l'outil<\/h2>\n<p>Nos outils DA\/PA\/SS s'appuient sur des sources de donn\u00e9es tierces. Nous ne garantissons pas\u00a0:<\/p>\n<ul>\n<li>Pr\u00e9cision<\/li>\n<li>Disponibilit\u00e9<\/li>\n<li>Continuit\u00e9 des r\u00e9sultats<\/li>\n<\/ul>\n<h2>Propri\u00e9t\u00e9 intellectuelle<\/h2>\n<p>L'ensemble du contenu, de la marque et des outils pr\u00e9sents sur bulkDAPA.site nous appartiennent. Toute copie ou redistribution non autoris\u00e9e est interdite.<\/p>\n<h2>Limitation de responsabilit\u00e9<\/h2>\n<p>Nous ne sommes pas responsables de :<\/p>\n<ul>\n<li>Pertes r\u00e9sultant de r\u00e9sultats inexacts<\/li>\n<li>temps d'arr\u00eat ou probl\u00e8mes techniques<\/li>\n<li>Tout dommage r\u00e9sultant de l'utilisation de nos outils<\/li>\n<\/ul>\n<h2>Modifications des conditions<\/h2>\n<p>Nous pouvons modifier nos conditions d'utilisation \u00e0 tout moment. En continuant \u00e0 utiliser nos services, vous acceptez les conditions mises \u00e0 jour.<\/p>\n<p>&nbsp;<\/p>","protected":false},"excerpt":{"rendered":"<p>Last Updated: Nov 18 2025 By using bulkDAPA.site, you agree to the following Terms of Use. If you do not [&hellip;]<\/p>","protected":false},"author":2,"featured_media":0,"parent":0,"menu_order":0,"comment_status":"closed","ping_status":"closed","template":"","meta":{"_acf_changed":false,"site-sidebar-layout":"default","site-content-layout":"","ast-site-content-layout":"default","site-content-style":"default","site-sidebar-style":"default","ast-global-header-display":"","ast-banner-title-visibility":"","ast-main-header-display":"","ast-hfb-above-header-display":"","ast-hfb-below-header-display":"","ast-hfb-mobile-header-display":"","site-post-title":"","ast-breadcrumbs-content":"","ast-featured-img":"","footer-sml-layout":"","ast-disable-related-posts":"","theme-transparent-header-meta":"default","adv-header-id-meta":"","stick-header-meta":"","header-above-stick-meta":"","header-main-stick-meta":"","header-below-stick-meta":"","astra-migrate-meta-layouts":"set","ast-page-background-enabled":"default","ast-page-background-meta":{"desktop":{"background-color":"var(--ast-global-color-5)","background-image":"","background-repeat":"repeat","background-position":"center center","background-size":"auto","background-attachment":"scroll","background-type":"","background-media":"","overlay-type":"","overlay-color":"","overlay-opacity":"","overlay-gradient":""},"tablet":{"background-color":"","background-image":"","background-repeat":"repeat","background-position":"center center","background-size":"auto","background-attachment":"scroll","background-type":"","background-media":"","overlay-type":"","overlay-color":"","overlay-opacity":"","overlay-gradient":""},"mobile":{"background-color":"","background-image":"","background-repeat":"repeat","background-position":"center center","background-size":"auto","background-attachment":"scroll","background-type":"","background-media":"","overlay-type":"","overlay-color":"","overlay-opacity":"","overlay-gradient":""}},"ast-content-background-meta":{"desktop":{"background-color":"var(--ast-global-color-4)","background-image":"","background-repeat":"repeat","background-position":"center center","background-size":"auto","background-attachment":"scroll","background-type":"","background-media":"","overlay-type":"","overlay-color":"","overlay-opacity":"","overlay-gradient":""},"tablet":{"background-color":"var(--ast-global-color-4)","background-image":"","background-repeat":"repeat","background-position":"center center","background-size":"auto","background-attachment":"scroll","background-type":"","background-media":"","overlay-type":"","overlay-color":"","overlay-opacity":"","overlay-gradient":""},"mobile":{"background-color":"var(--ast-global-color-4)","background-image":"","background-repeat":"repeat","background-position":"center center","background-size":"auto","background-attachment":"scroll","background-type":"","background-media":"","overlay-type":"","overlay-color":"","overlay-opacity":"","overlay-gradient":""}},"footnotes":""},"class_list":["post-24","page","type-page","status-publish","hentry"],"acf":[],"_links":{"self":[{"href":"https:\/\/bulkdapa.site\/fr\/wp-json\/wp\/v2\/pages\/24","targetHints":{"allow":["GET"]}}],"collection":[{"href":"https:\/\/bulkdapa.site\/fr\/wp-json\/wp\/v2\/pages"}],"about":[{"href":"https:\/\/bulkdapa.site\/fr\/wp-json\/wp\/v2\/types\/page"}],"author":[{"embeddable":true,"href":"https:\/\/bulkdapa.site\/fr\/wp-json\/wp\/v2\/users\/2"}],"replies":[{"embeddable":true,"href":"https:\/\/bulkdapa.site\/fr\/wp-json\/wp\/v2\/comments?post=24"}],"version-history":[{"count":3,"href":"https:\/\/bulkdapa.site\/fr\/wp-json\/wp\/v2\/pages\/24\/revisions"}],"predecessor-version":[{"id":821,"href":"https:\/\/bulkdapa.site\/fr\/wp-json\/wp\/v2\/pages\/24\/revisions\/821"}],"wp:attachment":[{"href":"https:\/\/bulkdapa.site\/fr\/wp-json\/wp\/v2\/media?parent=24"}],"curies":[{"name":"wp","href":"https:\/\/api.w.org\/{rel}","templated":true}]}}