{"id":27,"date":"2025-11-17T19:25:46","date_gmt":"2025-11-17T19:25:46","guid":{"rendered":"https:\/\/bulkdapa.site\/?page_id=27"},"modified":"2026-02-25T06:20:53","modified_gmt":"2026-02-25T06:20:53","slug":"disclaimer","status":"publish","type":"page","link":"https:\/\/bulkdapa.site\/fr\/disclaimer\/","title":{"rendered":"Clause de non-responsabilit\u00e9"},"content":{"rendered":"<p>Les outils et les informations fournis sur <a href=\"http:\/\/bulkDAPA.site\" target=\"_blank\" rel=\"noopener\"><strong>site bulkDAPA.<\/strong><\/a> Ces informations sont fournies \u00e0 titre indicatif et \u00e9ducatif uniquement.<\/p>\n<ul>\n<li>Nous le faisons <strong>pas<\/strong> Nous garantissons une pr\u00e9cision \u00e0 100 % des indicateurs DA, PA ou de score de spam.<\/li>\n<li>Les r\u00e9sultats peuvent varier en fonction des sources de donn\u00e9es tierces.<\/li>\n<li>Aucune information sur ce site ne doit \u00eatre consid\u00e9r\u00e9e comme un conseil professionnel en mati\u00e8re de r\u00e9f\u00e9rencement (SEO).<\/li>\n<li>L'utilisation de nos outils est <strong>\u00e0 vos propres risques<\/strong>.<\/li>\n<\/ul>\n<p>Pour b\u00e9n\u00e9ficier de conseils professionnels en mati\u00e8re de r\u00e9f\u00e9rencement (SEO), consultez un expert certifi\u00e9.<\/p>","protected":false},"excerpt":{"rendered":"<p>The tools and information provided on bulkDAPA.site are for informational and educational purposes only. We do not guarantee 100% accuracy [&hellip;]<\/p>","protected":false},"author":2,"featured_media":0,"parent":0,"menu_order":0,"comment_status":"closed","ping_status":"closed","template":"","meta":{"_acf_changed":false,"site-sidebar-layout":"default","site-content-layout":"","ast-site-content-layout":"default","site-content-style":"default","site-sidebar-style":"default","ast-global-header-display":"","ast-banner-title-visibility":"","ast-main-header-display":"","ast-hfb-above-header-display":"","ast-hfb-below-header-display":"","ast-hfb-mobile-header-display":"","site-post-title":"","ast-breadcrumbs-content":"","ast-featured-img":"","footer-sml-layout":"","ast-disable-related-posts":"","theme-transparent-header-meta":"default","adv-header-id-meta":"","stick-header-meta":"","header-above-stick-meta":"","header-main-stick-meta":"","header-below-stick-meta":"","astra-migrate-meta-layouts":"set","ast-page-background-enabled":"default","ast-page-background-meta":{"desktop":{"background-color":"var(--ast-global-color-5)","background-image":"","background-repeat":"repeat","background-position":"center center","background-size":"auto","background-attachment":"scroll","background-type":"","background-media":"","overlay-type":"","overlay-color":"","overlay-opacity":"","overlay-gradient":""},"tablet":{"background-color":"","background-image":"","background-repeat":"repeat","background-position":"center center","background-size":"auto","background-attachment":"scroll","background-type":"","background-media":"","overlay-type":"","overlay-color":"","overlay-opacity":"","overlay-gradient":""},"mobile":{"background-color":"","background-image":"","background-repeat":"repeat","background-position":"center center","background-size":"auto","background-attachment":"scroll","background-type":"","background-media":"","overlay-type":"","overlay-color":"","overlay-opacity":"","overlay-gradient":""}},"ast-content-background-meta":{"desktop":{"background-color":"var(--ast-global-color-4)","background-image":"","background-repeat":"repeat","background-position":"center center","background-size":"auto","background-attachment":"scroll","background-type":"","background-media":"","overlay-type":"","overlay-color":"","overlay-opacity":"","overlay-gradient":""},"tablet":{"background-color":"var(--ast-global-color-4)","background-image":"","background-repeat":"repeat","background-position":"center center","background-size":"auto","background-attachment":"scroll","background-type":"","background-media":"","overlay-type":"","overlay-color":"","overlay-opacity":"","overlay-gradient":""},"mobile":{"background-color":"var(--ast-global-color-4)","background-image":"","background-repeat":"repeat","background-position":"center center","background-size":"auto","background-attachment":"scroll","background-type":"","background-media":"","overlay-type":"","overlay-color":"","overlay-opacity":"","overlay-gradient":""}},"footnotes":""},"class_list":["post-27","page","type-page","status-publish","hentry"],"acf":[],"_links":{"self":[{"href":"https:\/\/bulkdapa.site\/fr\/wp-json\/wp\/v2\/pages\/27","targetHints":{"allow":["GET"]}}],"collection":[{"href":"https:\/\/bulkdapa.site\/fr\/wp-json\/wp\/v2\/pages"}],"about":[{"href":"https:\/\/bulkdapa.site\/fr\/wp-json\/wp\/v2\/types\/page"}],"author":[{"embeddable":true,"href":"https:\/\/bulkdapa.site\/fr\/wp-json\/wp\/v2\/users\/2"}],"replies":[{"embeddable":true,"href":"https:\/\/bulkdapa.site\/fr\/wp-json\/wp\/v2\/comments?post=27"}],"version-history":[{"count":3,"href":"https:\/\/bulkdapa.site\/fr\/wp-json\/wp\/v2\/pages\/27\/revisions"}],"predecessor-version":[{"id":818,"href":"https:\/\/bulkdapa.site\/fr\/wp-json\/wp\/v2\/pages\/27\/revisions\/818"}],"wp:attachment":[{"href":"https:\/\/bulkdapa.site\/fr\/wp-json\/wp\/v2\/media?parent=27"}],"curies":[{"name":"wp","href":"https:\/\/api.w.org\/{rel}","templated":true}]}}