{"id":30,"date":"2025-11-17T19:26:21","date_gmt":"2025-11-17T19:26:21","guid":{"rendered":"https:\/\/bulkdapa.site\/?page_id=30"},"modified":"2026-03-26T07:01:56","modified_gmt":"2026-03-26T07:01:56","slug":"dmca","status":"publish","type":"page","link":"https:\/\/bulkdapa.site\/fr\/dmca\/","title":{"rendered":"DMCA"},"content":{"rendered":"<p>Nous respectons les droits de propri\u00e9t\u00e9 intellectuelle et nous conformons \u00e0 la r\u00e9glementation en vigueur. <strong>Loi sur le droit d'auteur du mill\u00e9naire num\u00e9rique (DMCA)<\/strong>.<\/p>\n<p>Si vous pensez que votre mat\u00e9riel prot\u00e9g\u00e9 par le droit d'auteur a \u00e9t\u00e9 utilis\u00e9 sur <a href=\"http:\/\/bulkdapa.site\/fr\/\"><strong>site bulkdapa<\/strong><\/a>\u00a0si cela constitue une infraction, veuillez nous contacter en nous fournissant les informations suivantes\u00a0:<\/p>\n<ol start=\"1\" data-spread=\"false\">\n<li>Votre nom l\u00e9gal et vos coordonn\u00e9es.<\/li>\n<li>Description du mat\u00e9riel prot\u00e9g\u00e9 par le droit d'auteur.<\/li>\n<li>L'URL exacte o\u00f9 se trouve le contenu contrefait.<\/li>\n<li>Une d\u00e9claration confirmant :\n<ul data-spread=\"false\">\n<li>Vous \u00eates le titulaire des droits d'auteur ou autoris\u00e9 \u00e0 agir en son nom.<\/li>\n<li>Les informations contenues dans votre avis sont exactes.<\/li>\n<\/ul>\n<\/li>\n<li>Votre signature physique ou num\u00e9rique.<\/li>\n<\/ol>\n<p>Veuillez envoyer toutes les notifications DMCA \u00e0\u00a0:<\/p>\n<p><strong>E-mail: <a href=\"mailto:support@bulkdapa.site\">support@bulkdapa.site<\/a><\/strong><\/p>\n<p>Nous vous r\u00e9pondrons dans un d\u00e9lai de 3 \u00e0 7 jours ouvrables.<\/p>","protected":false},"excerpt":{"rendered":"<p>We respect intellectual property rights and comply with the Digital Millennium Copyright Act (DMCA). If you believe your copyrighted material [&hellip;]<\/p>","protected":false},"author":2,"featured_media":0,"parent":0,"menu_order":0,"comment_status":"closed","ping_status":"closed","template":"","meta":{"_acf_changed":false,"site-sidebar-layout":"default","site-content-layout":"","ast-site-content-layout":"default","site-content-style":"default","site-sidebar-style":"default","ast-global-header-display":"","ast-banner-title-visibility":"","ast-main-header-display":"","ast-hfb-above-header-display":"","ast-hfb-below-header-display":"","ast-hfb-mobile-header-display":"","site-post-title":"","ast-breadcrumbs-content":"","ast-featured-img":"","footer-sml-layout":"","ast-disable-related-posts":"","theme-transparent-header-meta":"default","adv-header-id-meta":"","stick-header-meta":"","header-above-stick-meta":"","header-main-stick-meta":"","header-below-stick-meta":"","astra-migrate-meta-layouts":"set","ast-page-background-enabled":"default","ast-page-background-meta":{"desktop":{"background-color":"var(--ast-global-color-5)","background-image":"","background-repeat":"repeat","background-position":"center center","background-size":"auto","background-attachment":"scroll","background-type":"","background-media":"","overlay-type":"","overlay-color":"","overlay-opacity":"","overlay-gradient":""},"tablet":{"background-color":"","background-image":"","background-repeat":"repeat","background-position":"center center","background-size":"auto","background-attachment":"scroll","background-type":"","background-media":"","overlay-type":"","overlay-color":"","overlay-opacity":"","overlay-gradient":""},"mobile":{"background-color":"","background-image":"","background-repeat":"repeat","background-position":"center center","background-size":"auto","background-attachment":"scroll","background-type":"","background-media":"","overlay-type":"","overlay-color":"","overlay-opacity":"","overlay-gradient":""}},"ast-content-background-meta":{"desktop":{"background-color":"var(--ast-global-color-4)","background-image":"","background-repeat":"repeat","background-position":"center center","background-size":"auto","background-attachment":"scroll","background-type":"","background-media":"","overlay-type":"","overlay-color":"","overlay-opacity":"","overlay-gradient":""},"tablet":{"background-color":"var(--ast-global-color-4)","background-image":"","background-repeat":"repeat","background-position":"center center","background-size":"auto","background-attachment":"scroll","background-type":"","background-media":"","overlay-type":"","overlay-color":"","overlay-opacity":"","overlay-gradient":""},"mobile":{"background-color":"var(--ast-global-color-4)","background-image":"","background-repeat":"repeat","background-position":"center center","background-size":"auto","background-attachment":"scroll","background-type":"","background-media":"","overlay-type":"","overlay-color":"","overlay-opacity":"","overlay-gradient":""}},"footnotes":""},"class_list":["post-30","page","type-page","status-publish","hentry"],"acf":[],"_links":{"self":[{"href":"https:\/\/bulkdapa.site\/fr\/wp-json\/wp\/v2\/pages\/30","targetHints":{"allow":["GET"]}}],"collection":[{"href":"https:\/\/bulkdapa.site\/fr\/wp-json\/wp\/v2\/pages"}],"about":[{"href":"https:\/\/bulkdapa.site\/fr\/wp-json\/wp\/v2\/types\/page"}],"author":[{"embeddable":true,"href":"https:\/\/bulkdapa.site\/fr\/wp-json\/wp\/v2\/users\/2"}],"replies":[{"embeddable":true,"href":"https:\/\/bulkdapa.site\/fr\/wp-json\/wp\/v2\/comments?post=30"}],"version-history":[{"count":5,"href":"https:\/\/bulkdapa.site\/fr\/wp-json\/wp\/v2\/pages\/30\/revisions"}],"predecessor-version":[{"id":1930,"href":"https:\/\/bulkdapa.site\/fr\/wp-json\/wp\/v2\/pages\/30\/revisions\/1930"}],"wp:attachment":[{"href":"https:\/\/bulkdapa.site\/fr\/wp-json\/wp\/v2\/media?parent=30"}],"curies":[{"name":"wp","href":"https:\/\/api.w.org\/{rel}","templated":true}]}}