{"id":838,"date":"2026-02-28T19:43:16","date_gmt":"2026-02-28T19:43:16","guid":{"rendered":"https:\/\/bulkdapa.site\/?page_id=838"},"modified":"2026-02-28T20:32:42","modified_gmt":"2026-02-28T20:32:42","slug":"write-for-us","status":"publish","type":"page","link":"https:\/\/bulkdapa.site\/fr\/write-for-us\/","title":{"rendered":"\u00c9crivez pour nous"},"content":{"rendered":"<div data-elementor-type=\"wp-page\" data-elementor-id=\"838\" class=\"elementor elementor-838\" data-elementor-post-type=\"page\">\n\t\t\t\t<div class=\"elementor-element elementor-element-3b3c517 e-flex e-con-boxed e-con e-parent\" data-id=\"3b3c517\" data-element_type=\"container\" data-e-type=\"container\">\n\t\t\t\t\t<div class=\"e-con-inner\">\n\t\t<div class=\"elementor-element elementor-element-c6b24f0 e-con-full e-flex e-con e-child\" data-id=\"c6b24f0\" data-element_type=\"container\" data-e-type=\"container\" data-settings=\"{&quot;background_background&quot;:&quot;classic&quot;}\">\n\t\t\t\t<div class=\"elementor-element elementor-element-8ac1341 elementor-widget elementor-widget-image\" data-id=\"8ac1341\" data-element_type=\"widget\" data-e-type=\"widget\" data-widget_type=\"image.default\">\n\t\t\t\t\t\t\t\t\t\t\t\t\t\t\t<img fetchpriority=\"high\" decoding=\"async\" width=\"1280\" height=\"720\" src=\"https:\/\/bulkdapa.site\/wp-content\/uploads\/2026\/02\/Write-For-Us-1.png\" class=\"attachment-full size-full wp-image-841\" alt=\"write for us\" srcset=\"https:\/\/bulkdapa.site\/wp-content\/uploads\/2026\/02\/Write-For-Us-1.png 1280w, https:\/\/bulkdapa.site\/wp-content\/uploads\/2026\/02\/Write-For-Us-1-300x169.png 300w, https:\/\/bulkdapa.site\/wp-content\/uploads\/2026\/02\/Write-For-Us-1-1024x576.png 1024w, https:\/\/bulkdapa.site\/wp-content\/uploads\/2026\/02\/Write-For-Us-1-768x432.png 768w\" sizes=\"(max-width: 1280px) 100vw, 1280px\" \/>\t\t\t\t\t\t\t\t\t\t\t\t\t\t\t<\/div>\n\t\t\t\t<div class=\"elementor-element elementor-element-39434ad elementor-widget elementor-widget-heading\" data-id=\"39434ad\" data-element_type=\"widget\" data-e-type=\"widget\" data-widget_type=\"heading.default\">\n\t\t\t\t\t<h1 class=\"elementor-heading-title elementor-size-default\">\u00c9crivez pour nous<\/h1>\t\t\t\t<\/div>\n\t\t\t\t<div class=\"elementor-element elementor-element-c48d7cc elementor-widget elementor-widget-text-editor\" data-id=\"c48d7cc\" data-element_type=\"widget\" data-e-type=\"widget\" data-widget_type=\"text-editor.default\">\n\t\t\t\t\t\t\t\t\t<h2>Soumettez votre blog sur BulkDapa.site<\/h2><p>BulkDapa.site est une plateforme d\u00e9di\u00e9e aux outils SEO, aux services de marketing digital et aux contenus p\u00e9dagogiques de haute qualit\u00e9. Nous publions des guides pratiques, des solutions logicielles et des articles approfondis con\u00e7us pour aider les propri\u00e9taires de sites web, les blogueurs, les sp\u00e9cialistes du marketing et les agences \u00e0 am\u00e9liorer leur r\u00e9f\u00e9rencement et leur visibilit\u00e9 en ligne.<\/p><p>Si vous \u00eates sp\u00e9cialis\u00e9(e) en SEO, marketing digital, optimisation de sites web ou services connexes, nous vous invitons \u00e0 contribuer et \u00e0 partager votre expertise avec notre public en pleine croissance.<\/p><p>Nous avons b\u00e2ti une communaut\u00e9 professionnelle d'experts SEO, de d\u00e9veloppeurs et de cr\u00e9ateurs de contenu. Des lecteurs du monde entier visitent BulkDapa.site pour utiliser nos outils SEO et d\u00e9couvrir des strat\u00e9gies \u00e9prouv\u00e9es pour accro\u00eetre leur trafic et renforcer leur autorit\u00e9. Les contributeurs invit\u00e9s b\u00e9n\u00e9ficient d'un lien retour gratuit (dofollow) et d'une visibilit\u00e9 aupr\u00e8s d'une audience SEO cibl\u00e9e.<\/p><h2>Sujets d'articles invit\u00e9s que nous acceptons<\/h2><p>Nous acceptons actuellement les articles invit\u00e9s portant sur les sujets suivants\u00a0:<\/p><ul><li><p>Optimisation pour les moteurs de recherche (SEO)<\/p><\/li><li><p>Autorit\u00e9 de domaine (DA) et autorit\u00e9 de page (PA)<\/p><\/li><li><p>Strat\u00e9gies de cr\u00e9ation de liens<\/p><\/li><li><p>Recherche de mots cl\u00e9s<\/p><\/li><li><p>R\u00e9f\u00e9rencement sur page<\/p><\/li><li><p>R\u00e9f\u00e9rencement hors page<\/p><\/li><li><p>R\u00e9f\u00e9rencement technique<\/p><\/li><li><p>R\u00e9f\u00e9rencement local<\/p><\/li><li><p>Avis sur les outils et logiciels de r\u00e9f\u00e9rencement (SEO)<\/p><\/li><li><p>Strat\u00e9gies de marketing num\u00e9rique<\/p><\/li><li><p>Marketing de contenu<\/p><\/li><li><p>Optimisation de site web<\/p><\/li><li><p>Blogging et marketing d'affiliation (ax\u00e9 sur le r\u00e9f\u00e9rencement naturel)<\/p><\/li><li><p>D\u00e9veloppement web (sujets li\u00e9s au r\u00e9f\u00e9rencement uniquement)<\/p><\/li><\/ul><p>Le contenu doit \u00eatre directement li\u00e9 au r\u00e9f\u00e9rencement naturel, au marketing digital ou \u00e0 la croissance d'un site web. Les sujets g\u00e9n\u00e9raux relatifs au style de vie ou aux loisirs ne sont pas accept\u00e9s.<\/p><h2>Directives pour la soumission d'articles invit\u00e9s<\/h2><p>Pour maintenir la qualit\u00e9 et la pertinence, veuillez suivre ces directives\u00a0:<\/p><ul><li><p>L'article doit comporter au minimum 600 mots.<\/p><\/li><li><p>Le contenu doit \u00eatre 100% original, unique et in\u00e9dit.<\/p><\/li><li><p>Une recherche de mots cl\u00e9s approfondie est recommand\u00e9e, en ciblant de pr\u00e9f\u00e9rence un mot cl\u00e9 de longue tra\u00eene.<\/p><\/li><li><p>Conservez une densit\u00e9 naturelle de mots-cl\u00e9s et une structure optimis\u00e9e pour le r\u00e9f\u00e9rencement naturel.<\/p><\/li><li><p>Les articles doivent avoir une grammaire correcte, une mise en forme claire et des titres bien structur\u00e9s.<\/p><\/li><li><p>Les contenus r\u00e9pliqu\u00e9s, les contenus dupliqu\u00e9s ou les contenus spamm\u00e9s par l'IA seront rejet\u00e9s.<\/p><\/li><li><p>Un seul lien retour pertinent en dofollow vers votre site web est autoris\u00e9.<\/p><\/li><li><p>Le lien doit \u00eatre pertinent par rapport au sujet de l'article et \u00e0 la th\u00e9matique de votre site web.<\/p><\/li><li><p>Les liens non pertinents ne seront pas accept\u00e9s.<\/p><\/li><li><p>Au moins une image pertinente doit \u00eatre incluse (plusieurs sont recommand\u00e9es pour une meilleure pr\u00e9sentation).<\/p><\/li><li><p>Tout contenu affili\u00e9, relatif aux casinos, aux jeux d'argent, aux adultes, aux produits pharmaceutiques ou ill\u00e9gal est strictement interdit.<\/p><\/li><\/ul><p>Nous vous offrons un lien retour gratuit (en dofollow) vers votre site web dans cet article. Pour les liens promotionnels ou de services non pertinents pour le r\u00e9f\u00e9rencement naturel, l'approbation de la r\u00e9daction est requise.<\/p><h2>Processus de r\u00e9vision et de publication<\/h2><p>Tout le contenu soumis est examin\u00e9 manuellement afin d'en v\u00e9rifier la qualit\u00e9, l'originalit\u00e9 et la valeur SEO.<\/p><ul><li><p>D\u00e9lai de r\u00e9vision\u00a0: jusqu\u2019\u00e0 24\u00a0heures<\/p><\/li><li><p>D\u00e9lai de publication (si approuv\u00e9)\u00a0: Dans les 24 heures suivant l\u2019approbation<\/p><\/li><\/ul><p>Nous nous r\u00e9servons le droit de modifier le contenu pour des raisons de clart\u00e9, de mise en forme ou d'optimisation SEO avant publication.<\/p><h2>Comment soumettre votre article<\/h2><p>Pour soumettre votre article invit\u00e9, veuillez l'envoyer par courriel au format Word ou Google Docs accompagn\u00e9 des \u00e9l\u00e9ments suivants\u00a0:<\/p><ul><li><p>URL du site Web<\/p><\/li><li><p>Mot-cl\u00e9 cible<\/p><\/li><\/ul><p>Envoyez votre candidature \u00e0\u00a0:<\/p><p><strong>E-mail:<\/strong> <a href=\"mailto:support@bulkdapa.site\">support@bulkdapa.site<\/a><\/p><p>Devenez contributeur sur BulkDapa.site et partagez vos connaissances en SEO avec un public mondial et cibl\u00e9 en marketing digital.<\/p>\t\t\t\t\t\t\t\t<\/div>\n\t\t\t\t<\/div>\n\t\t\t\t\t<\/div>\n\t\t\t\t<\/div>\n\t\t\t\t<\/div>","protected":false},"excerpt":{"rendered":"<p>Write For Us Submit Your Blog to BulkDapa.site BulkDapa.site is a dedicated platform focused on SEO tools, digital marketing services, [&hellip;]<\/p>","protected":false},"author":2,"featured_media":0,"parent":0,"menu_order":0,"comment_status":"closed","ping_status":"closed","template":"","meta":{"_acf_changed":false,"site-sidebar-layout":"no-sidebar","site-content-layout":"","ast-site-content-layout":"full-width-container","site-content-style":"default","site-sidebar-style":"default","ast-global-header-display":"","ast-banner-title-visibility":"","ast-main-header-display":"","ast-hfb-above-header-display":"","ast-hfb-below-header-display":"","ast-hfb-mobile-header-display":"","site-post-title":"disabled","ast-breadcrumbs-content":"","ast-featured-img":"disabled","footer-sml-layout":"","ast-disable-related-posts":"","theme-transparent-header-meta":"default","adv-header-id-meta":"","stick-header-meta":"","header-above-stick-meta":"","header-main-stick-meta":"","header-below-stick-meta":"","astra-migrate-meta-layouts":"set","ast-page-background-enabled":"default","ast-page-background-meta":{"desktop":{"background-color":"var(--ast-global-color-5)","background-image":"","background-repeat":"repeat","background-position":"center center","background-size":"auto","background-attachment":"scroll","background-type":"","background-media":"","overlay-type":"","overlay-color":"","overlay-opacity":"","overlay-gradient":""},"tablet":{"background-color":"","background-image":"","background-repeat":"repeat","background-position":"center center","background-size":"auto","background-attachment":"scroll","background-type":"","background-media":"","overlay-type":"","overlay-color":"","overlay-opacity":"","overlay-gradient":""},"mobile":{"background-color":"","background-image":"","background-repeat":"repeat","background-position":"center center","background-size":"auto","background-attachment":"scroll","background-type":"","background-media":"","overlay-type":"","overlay-color":"","overlay-opacity":"","overlay-gradient":""}},"ast-content-background-meta":{"desktop":{"background-color":"var(--ast-global-color-4)","background-image":"","background-repeat":"repeat","background-position":"center center","background-size":"auto","background-attachment":"scroll","background-type":"","background-media":"","overlay-type":"","overlay-color":"","overlay-opacity":"","overlay-gradient":""},"tablet":{"background-color":"var(--ast-global-color-4)","background-image":"","background-repeat":"repeat","background-position":"center center","background-size":"auto","background-attachment":"scroll","background-type":"","background-media":"","overlay-type":"","overlay-color":"","overlay-opacity":"","overlay-gradient":""},"mobile":{"background-color":"var(--ast-global-color-4)","background-image":"","background-repeat":"repeat","background-position":"center center","background-size":"auto","background-attachment":"scroll","background-type":"","background-media":"","overlay-type":"","overlay-color":"","overlay-opacity":"","overlay-gradient":""}},"footnotes":""},"class_list":["post-838","page","type-page","status-publish","hentry"],"acf":[],"_links":{"self":[{"href":"https:\/\/bulkdapa.site\/fr\/wp-json\/wp\/v2\/pages\/838","targetHints":{"allow":["GET"]}}],"collection":[{"href":"https:\/\/bulkdapa.site\/fr\/wp-json\/wp\/v2\/pages"}],"about":[{"href":"https:\/\/bulkdapa.site\/fr\/wp-json\/wp\/v2\/types\/page"}],"author":[{"embeddable":true,"href":"https:\/\/bulkdapa.site\/fr\/wp-json\/wp\/v2\/users\/2"}],"replies":[{"embeddable":true,"href":"https:\/\/bulkdapa.site\/fr\/wp-json\/wp\/v2\/comments?post=838"}],"version-history":[{"count":29,"href":"https:\/\/bulkdapa.site\/fr\/wp-json\/wp\/v2\/pages\/838\/revisions"}],"predecessor-version":[{"id":869,"href":"https:\/\/bulkdapa.site\/fr\/wp-json\/wp\/v2\/pages\/838\/revisions\/869"}],"wp:attachment":[{"href":"https:\/\/bulkdapa.site\/fr\/wp-json\/wp\/v2\/media?parent=838"}],"curies":[{"name":"wp","href":"https:\/\/api.w.org\/{rel}","templated":true}]}}