{"id":24,"date":"2025-11-17T19:25:15","date_gmt":"2025-11-17T19:25:15","guid":{"rendered":"https:\/\/bulkdapa.site\/?page_id=24"},"modified":"2026-02-25T06:21:56","modified_gmt":"2026-02-25T06:21:56","slug":"terms","status":"publish","type":"page","link":"https:\/\/bulkdapa.site\/pt\/terms\/","title":{"rendered":"Termos"},"content":{"rendered":"<p>\u00daltima atualiza\u00e7\u00e3o: 18 de novembro de 2025<\/p>\n<p>Ao usar <a href=\"http:\/\/bulkDAPA.site\" target=\"_blank\" rel=\"noopener\"><strong>bulkDAPA.site<\/strong><\/a>Ao utilizar o nosso site, concorda com os seguintes Termos de Utiliza\u00e7\u00e3o. Caso n\u00e3o concorde, por favor interrompa a utiliza\u00e7\u00e3o do nosso site.<\/p>\n<h2>Uso aceit\u00e1vel<\/h2>\n<p>Concorda em n\u00e3o:<\/p>\n<ul>\n<li>Utilize o site para atividades ilegais.<\/li>\n<li>Tentativa de interromper ou invadir qualquer funcionalidade<\/li>\n<li>Insira scripts maliciosos ou prejudiciais nas nossas ferramentas.<\/li>\n<li>Copiar, fazer engenharia reversa ou replicar os nossos servi\u00e7os<\/li>\n<\/ul>\n<h2>Precis\u00e3o da ferramenta<\/h2>\n<p>As nossas ferramentas de DA\/PA\/SS dependem de fontes de dados de terceiros. N\u00e3o garantimos:<\/p>\n<ul>\n<li>Exatid\u00e3o<\/li>\n<li>Disponibilidade<\/li>\n<li>Continuidade dos resultados<\/li>\n<\/ul>\n<h2>Propriedade intelectual<\/h2>\n<p>Todo o conte\u00fado, a marca e as ferramentas em bulkDAPA.site s\u00e3o propriedade nossa. A c\u00f3pia ou redistribui\u00e7\u00e3o n\u00e3o autorizada \u00e9 proibida.<\/p>\n<h2>Limita\u00e7\u00e3o de responsabilidade<\/h2>\n<p>N\u00e3o nos responsabilizamos por:<\/p>\n<ul>\n<li>Perdas resultantes de resultados imprecisos<\/li>\n<li>Tempo de inatividade ou problemas t\u00e9cnicos<\/li>\n<li>Quaisquer danos decorrentes da utiliza\u00e7\u00e3o das nossas ferramentas<\/li>\n<\/ul>\n<h2>Altera\u00e7\u00f5es aos Termos<\/h2>\n<p>Podemos atualizar os nossos Termos de Utiliza\u00e7\u00e3o a qualquer momento. O uso continuado implica a aceita\u00e7\u00e3o dos termos atualizados.<\/p>\n<p>&nbsp;<\/p>","protected":false},"excerpt":{"rendered":"<p>Last Updated: Nov 18 2025 By using bulkDAPA.site, you agree to the following Terms of Use. If you do not [&hellip;]<\/p>","protected":false},"author":2,"featured_media":0,"parent":0,"menu_order":0,"comment_status":"closed","ping_status":"closed","template":"","meta":{"_acf_changed":false,"site-sidebar-layout":"default","site-content-layout":"","ast-site-content-layout":"default","site-content-style":"default","site-sidebar-style":"default","ast-global-header-display":"","ast-banner-title-visibility":"","ast-main-header-display":"","ast-hfb-above-header-display":"","ast-hfb-below-header-display":"","ast-hfb-mobile-header-display":"","site-post-title":"","ast-breadcrumbs-content":"","ast-featured-img":"","footer-sml-layout":"","ast-disable-related-posts":"","theme-transparent-header-meta":"default","adv-header-id-meta":"","stick-header-meta":"","header-above-stick-meta":"","header-main-stick-meta":"","header-below-stick-meta":"","astra-migrate-meta-layouts":"set","ast-page-background-enabled":"default","ast-page-background-meta":{"desktop":{"background-color":"var(--ast-global-color-5)","background-image":"","background-repeat":"repeat","background-position":"center center","background-size":"auto","background-attachment":"scroll","background-type":"","background-media":"","overlay-type":"","overlay-color":"","overlay-opacity":"","overlay-gradient":""},"tablet":{"background-color":"","background-image":"","background-repeat":"repeat","background-position":"center center","background-size":"auto","background-attachment":"scroll","background-type":"","background-media":"","overlay-type":"","overlay-color":"","overlay-opacity":"","overlay-gradient":""},"mobile":{"background-color":"","background-image":"","background-repeat":"repeat","background-position":"center center","background-size":"auto","background-attachment":"scroll","background-type":"","background-media":"","overlay-type":"","overlay-color":"","overlay-opacity":"","overlay-gradient":""}},"ast-content-background-meta":{"desktop":{"background-color":"var(--ast-global-color-4)","background-image":"","background-repeat":"repeat","background-position":"center center","background-size":"auto","background-attachment":"scroll","background-type":"","background-media":"","overlay-type":"","overlay-color":"","overlay-opacity":"","overlay-gradient":""},"tablet":{"background-color":"var(--ast-global-color-4)","background-image":"","background-repeat":"repeat","background-position":"center center","background-size":"auto","background-attachment":"scroll","background-type":"","background-media":"","overlay-type":"","overlay-color":"","overlay-opacity":"","overlay-gradient":""},"mobile":{"background-color":"var(--ast-global-color-4)","background-image":"","background-repeat":"repeat","background-position":"center center","background-size":"auto","background-attachment":"scroll","background-type":"","background-media":"","overlay-type":"","overlay-color":"","overlay-opacity":"","overlay-gradient":""}},"footnotes":""},"class_list":["post-24","page","type-page","status-publish","hentry"],"acf":[],"_links":{"self":[{"href":"https:\/\/bulkdapa.site\/pt\/wp-json\/wp\/v2\/pages\/24","targetHints":{"allow":["GET"]}}],"collection":[{"href":"https:\/\/bulkdapa.site\/pt\/wp-json\/wp\/v2\/pages"}],"about":[{"href":"https:\/\/bulkdapa.site\/pt\/wp-json\/wp\/v2\/types\/page"}],"author":[{"embeddable":true,"href":"https:\/\/bulkdapa.site\/pt\/wp-json\/wp\/v2\/users\/2"}],"replies":[{"embeddable":true,"href":"https:\/\/bulkdapa.site\/pt\/wp-json\/wp\/v2\/comments?post=24"}],"version-history":[{"count":3,"href":"https:\/\/bulkdapa.site\/pt\/wp-json\/wp\/v2\/pages\/24\/revisions"}],"predecessor-version":[{"id":821,"href":"https:\/\/bulkdapa.site\/pt\/wp-json\/wp\/v2\/pages\/24\/revisions\/821"}],"wp:attachment":[{"href":"https:\/\/bulkdapa.site\/pt\/wp-json\/wp\/v2\/media?parent=24"}],"curies":[{"name":"wp","href":"https:\/\/api.w.org\/{rel}","templated":true}]}}