{"id":30,"date":"2025-11-17T19:26:21","date_gmt":"2025-11-17T19:26:21","guid":{"rendered":"https:\/\/bulkdapa.site\/?page_id=30"},"modified":"2026-03-26T07:01:56","modified_gmt":"2026-03-26T07:01:56","slug":"dmca","status":"publish","type":"page","link":"https:\/\/bulkdapa.site\/pt\/dmca\/","title":{"rendered":"DMCA"},"content":{"rendered":"<p>Respeitamos os direitos de propriedade intelectual e cumprimos as normas. <strong>Lei do Direito de Autor do Mil\u00e9nio Digital (DMCA)<\/strong>.<\/p>\n<p>Se acredita que o seu material protegido por direitos de autor foi utilizado em <a href=\"http:\/\/bulkdapa.site\/pt\/\"><strong>bulkdapa.site<\/strong><\/a>\u00a0Caso considere que a sua decis\u00e3o constitui uma infra\u00e7\u00e3o, contacte-nos fornecendo as seguintes informa\u00e7\u00f5es:<\/p>\n<ol start=\"1\" data-spread=\"false\">\n<li>O seu nome legal e informa\u00e7\u00f5es de contacto.<\/li>\n<li>Descri\u00e7\u00e3o do material protegido por direitos de autor.<\/li>\n<li>O endere\u00e7o URL exato onde se encontra o conte\u00fado infrator.<\/li>\n<li>Uma declara\u00e7\u00e3o que confirme:\n<ul data-spread=\"false\">\n<li>\u00c9 o propriet\u00e1rio dos direitos de autor ou est\u00e1 autorizado a agir em nome do propriet\u00e1rio.<\/li>\n<li>As informa\u00e7\u00f5es contidas na sua notifica\u00e7\u00e3o est\u00e3o corretas.<\/li>\n<\/ul>\n<\/li>\n<li>A sua assinatura f\u00edsica ou digital.<\/li>\n<\/ol>\n<p>Envie todas as notifica\u00e7\u00f5es DMCA para:<\/p>\n<p><strong>E-mail: <a href=\"mailto:support@bulkdapa.site\">support@bulkdapa.site<\/a><\/strong><\/p>\n<p>Responderemos dentro de 3 a 7 dias \u00fateis.<\/p>","protected":false},"excerpt":{"rendered":"<p>We respect intellectual property rights and comply with the Digital Millennium Copyright Act (DMCA). If you believe your copyrighted material [&hellip;]<\/p>","protected":false},"author":2,"featured_media":0,"parent":0,"menu_order":0,"comment_status":"closed","ping_status":"closed","template":"","meta":{"_acf_changed":false,"site-sidebar-layout":"default","site-content-layout":"","ast-site-content-layout":"default","site-content-style":"default","site-sidebar-style":"default","ast-global-header-display":"","ast-banner-title-visibility":"","ast-main-header-display":"","ast-hfb-above-header-display":"","ast-hfb-below-header-display":"","ast-hfb-mobile-header-display":"","site-post-title":"","ast-breadcrumbs-content":"","ast-featured-img":"","footer-sml-layout":"","ast-disable-related-posts":"","theme-transparent-header-meta":"default","adv-header-id-meta":"","stick-header-meta":"","header-above-stick-meta":"","header-main-stick-meta":"","header-below-stick-meta":"","astra-migrate-meta-layouts":"set","ast-page-background-enabled":"default","ast-page-background-meta":{"desktop":{"background-color":"var(--ast-global-color-5)","background-image":"","background-repeat":"repeat","background-position":"center center","background-size":"auto","background-attachment":"scroll","background-type":"","background-media":"","overlay-type":"","overlay-color":"","overlay-opacity":"","overlay-gradient":""},"tablet":{"background-color":"","background-image":"","background-repeat":"repeat","background-position":"center center","background-size":"auto","background-attachment":"scroll","background-type":"","background-media":"","overlay-type":"","overlay-color":"","overlay-opacity":"","overlay-gradient":""},"mobile":{"background-color":"","background-image":"","background-repeat":"repeat","background-position":"center center","background-size":"auto","background-attachment":"scroll","background-type":"","background-media":"","overlay-type":"","overlay-color":"","overlay-opacity":"","overlay-gradient":""}},"ast-content-background-meta":{"desktop":{"background-color":"var(--ast-global-color-4)","background-image":"","background-repeat":"repeat","background-position":"center center","background-size":"auto","background-attachment":"scroll","background-type":"","background-media":"","overlay-type":"","overlay-color":"","overlay-opacity":"","overlay-gradient":""},"tablet":{"background-color":"var(--ast-global-color-4)","background-image":"","background-repeat":"repeat","background-position":"center center","background-size":"auto","background-attachment":"scroll","background-type":"","background-media":"","overlay-type":"","overlay-color":"","overlay-opacity":"","overlay-gradient":""},"mobile":{"background-color":"var(--ast-global-color-4)","background-image":"","background-repeat":"repeat","background-position":"center center","background-size":"auto","background-attachment":"scroll","background-type":"","background-media":"","overlay-type":"","overlay-color":"","overlay-opacity":"","overlay-gradient":""}},"footnotes":""},"class_list":["post-30","page","type-page","status-publish","hentry"],"acf":[],"_links":{"self":[{"href":"https:\/\/bulkdapa.site\/pt\/wp-json\/wp\/v2\/pages\/30","targetHints":{"allow":["GET"]}}],"collection":[{"href":"https:\/\/bulkdapa.site\/pt\/wp-json\/wp\/v2\/pages"}],"about":[{"href":"https:\/\/bulkdapa.site\/pt\/wp-json\/wp\/v2\/types\/page"}],"author":[{"embeddable":true,"href":"https:\/\/bulkdapa.site\/pt\/wp-json\/wp\/v2\/users\/2"}],"replies":[{"embeddable":true,"href":"https:\/\/bulkdapa.site\/pt\/wp-json\/wp\/v2\/comments?post=30"}],"version-history":[{"count":5,"href":"https:\/\/bulkdapa.site\/pt\/wp-json\/wp\/v2\/pages\/30\/revisions"}],"predecessor-version":[{"id":1930,"href":"https:\/\/bulkdapa.site\/pt\/wp-json\/wp\/v2\/pages\/30\/revisions\/1930"}],"wp:attachment":[{"href":"https:\/\/bulkdapa.site\/pt\/wp-json\/wp\/v2\/media?parent=30"}],"curies":[{"name":"wp","href":"https:\/\/api.w.org\/{rel}","templated":true}]}}