{"id":838,"date":"2026-02-28T19:43:16","date_gmt":"2026-02-28T19:43:16","guid":{"rendered":"https:\/\/bulkdapa.site\/?page_id=838"},"modified":"2026-02-28T20:32:42","modified_gmt":"2026-02-28T20:32:42","slug":"write-for-us","status":"publish","type":"page","link":"https:\/\/bulkdapa.site\/pt\/write-for-us\/","title":{"rendered":"Escreva-nos"},"content":{"rendered":"<div data-elementor-type=\"wp-page\" data-elementor-id=\"838\" class=\"elementor elementor-838\" data-elementor-post-type=\"page\">\n\t\t\t\t<div class=\"elementor-element elementor-element-3b3c517 e-flex e-con-boxed e-con e-parent\" data-id=\"3b3c517\" data-element_type=\"container\" data-e-type=\"container\">\n\t\t\t\t\t<div class=\"e-con-inner\">\n\t\t<div class=\"elementor-element elementor-element-c6b24f0 e-con-full e-flex e-con e-child\" data-id=\"c6b24f0\" data-element_type=\"container\" data-e-type=\"container\" data-settings=\"{&quot;background_background&quot;:&quot;classic&quot;}\">\n\t\t\t\t<div class=\"elementor-element elementor-element-8ac1341 elementor-widget elementor-widget-image\" data-id=\"8ac1341\" data-element_type=\"widget\" data-e-type=\"widget\" data-widget_type=\"image.default\">\n\t\t\t\t\t\t\t\t\t\t\t\t\t\t\t<img fetchpriority=\"high\" decoding=\"async\" width=\"1280\" height=\"720\" src=\"https:\/\/bulkdapa.site\/wp-content\/uploads\/2026\/02\/Write-For-Us-1.png\" class=\"attachment-full size-full wp-image-841\" alt=\"write for us\" srcset=\"https:\/\/bulkdapa.site\/wp-content\/uploads\/2026\/02\/Write-For-Us-1.png 1280w, https:\/\/bulkdapa.site\/wp-content\/uploads\/2026\/02\/Write-For-Us-1-300x169.png 300w, https:\/\/bulkdapa.site\/wp-content\/uploads\/2026\/02\/Write-For-Us-1-1024x576.png 1024w, https:\/\/bulkdapa.site\/wp-content\/uploads\/2026\/02\/Write-For-Us-1-768x432.png 768w\" sizes=\"(max-width: 1280px) 100vw, 1280px\" \/>\t\t\t\t\t\t\t\t\t\t\t\t\t\t\t<\/div>\n\t\t\t\t<div class=\"elementor-element elementor-element-39434ad elementor-widget elementor-widget-heading\" data-id=\"39434ad\" data-element_type=\"widget\" data-e-type=\"widget\" data-widget_type=\"heading.default\">\n\t\t\t\t\t<h1 class=\"elementor-heading-title elementor-size-default\">Escreva-nos<\/h1>\t\t\t\t<\/div>\n\t\t\t\t<div class=\"elementor-element elementor-element-c48d7cc elementor-widget elementor-widget-text-editor\" data-id=\"c48d7cc\" data-element_type=\"widget\" data-e-type=\"widget\" data-widget_type=\"text-editor.default\">\n\t\t\t\t\t\t\t\t\t<h2>Envie o seu blog para BulkDapa.site<\/h2><p>BulkDapa.site \u00e9 uma plataforma dedicada a ferramentas de SEO, servi\u00e7os de marketing digital e conte\u00fados educativos de alta qualidade. Publicamos guias pr\u00e1ticos, solu\u00e7\u00f5es baseadas em ferramentas e artigos aprofundados, concebidos para ajudar os propriet\u00e1rios de websites, bloggers, profissionais de marketing e ag\u00eancias a melhorar o seu posicionamento nos motores de busca e a sua visibilidade online.<\/p><p>Quer seja especialista em SEO, marketing digital, otimiza\u00e7\u00e3o de websites ou servi\u00e7os relacionados, convidamo-lo a contribuir e a partilhar a sua experi\u00eancia com o nosso p\u00fablico crescente.<\/p><p>Constru\u00edmos uma comunidade profissional de especialistas em SEO, programadores e criadores de conte\u00fados. Leitores de todo o mundo visitam o BulkDapa.site para utilizar as nossas ferramentas de SEO e aprender estrat\u00e9gias comprovadas para aumentar o tr\u00e1fego e construir autoridade. Os colaboradores convidados recebem um backlink dofollow gratuito e visibilidade para um p\u00fablico-alvo de SEO.<\/p><h2>T\u00f3picos para guest posts que aceitamos<\/h2><p>Atualmente aceitamos artigos de convidados relacionados com:<\/p><ul><li><p>Otimiza\u00e7\u00e3o para motores de busca (SEO)<\/p><\/li><li><p>Autoridade de Dom\u00ednio (DA) e Autoridade de P\u00e1gina (PA)<\/p><\/li><li><p>Estrat\u00e9gias de link building<\/p><\/li><li><p>Pesquisa de palavras-chave<\/p><\/li><li><p>SEO na p\u00e1gina<\/p><\/li><li><p>SEO fora da p\u00e1gina<\/p><\/li><li><p>SEO t\u00e9cnico<\/p><\/li><li><p>SEO local<\/p><\/li><li><p>An\u00e1lises de ferramentas e software de SEO<\/p><\/li><li><p>Estrat\u00e9gias de Marketing Digital<\/p><\/li><li><p>Marketing de conte\u00fado<\/p><\/li><li><p>Otimiza\u00e7\u00e3o de Sites<\/p><\/li><li><p>Blogs e Marketing de Afiliados (com foco em SEO)<\/p><\/li><li><p>Desenvolvimento Web (apenas t\u00f3picos relacionados com SEO)<\/p><\/li><\/ul><p>O conte\u00fado deve estar diretamente relacionado com SEO, marketing digital ou crescimento de websites. T\u00f3picos gerais sobre estilo de vida ou entretenimento n\u00e3o s\u00e3o aceites.<\/p><h2>Orienta\u00e7\u00f5es para envio de artigos de convidados<\/h2><p>Para manter a qualidade e a relev\u00e2ncia, siga estas orienta\u00e7\u00f5es:<\/p><ul><li><p>O artigo deve ter um m\u00ednimo de 600 palavras.<\/p><\/li><li><p>O conte\u00fado deve ser 100% original, \u00fanico e in\u00e9dito.<\/p><\/li><li><p>Recomenda-se uma pesquisa adequada de palavras-chave, preferencialmente com foco em palavras-chave de cauda longa.<\/p><\/li><li><p>Mantenha uma densidade natural de palavras-chave e uma estrutura SEO amig\u00e1vel.<\/p><\/li><li><p>Os artigos devem apresentar uma gram\u00e1tica correta, formata\u00e7\u00e3o clara e t\u00edtulos bem estruturados.<\/p><\/li><li><p>Conte\u00fados reescritos, conte\u00fado duplicado ou conte\u00fado de spam gerado por IA ser\u00e3o rejeitados.<\/p><\/li><li><p>\u00c9 permitido um backlink relevante do tipo \"do-follow\" para o seu website.<\/p><\/li><li><p>O link deve ser relevante para o tema do artigo e para o nicho do seu website.<\/p><\/li><li><p>Links irrelevantes n\u00e3o ser\u00e3o aceites.<\/p><\/li><li><p>\u00c9 necess\u00e1rio incluir pelo menos uma imagem relevante (recomenda-se incluir mais imagens para uma melhor apresenta\u00e7\u00e3o).<\/p><\/li><li><p>Conte\u00fado relacionado com afiliados, casinos, jogos de azar, conte\u00fado para adultos, produtos farmac\u00eauticos ou ilegal \u00e9 estritamente proibido.<\/p><\/li><\/ul><p>Oferecemos um backlink dofollow gratuito para o seu website dentro do artigo. Para links promocionais ou relacionados com servi\u00e7os que n\u00e3o sejam relevantes para SEO, \u00e9 necess\u00e1ria aprova\u00e7\u00e3o editorial.<\/p><h2>Processo de revis\u00e3o e publica\u00e7\u00e3o<\/h2><p>Todo o conte\u00fado enviado \u00e9 analisado manualmente quanto \u00e0 qualidade, originalidade e valor para SEO.<\/p><ul><li><p>Tempo de revis\u00e3o: at\u00e9 24 horas<\/p><\/li><li><p>Tempo de publica\u00e7\u00e3o (se aprovado): No prazo de 24 horas ap\u00f3s a aprova\u00e7\u00e3o.<\/p><\/li><\/ul><p>Reservamo-nos o direito de editar o conte\u00fado para maior clareza, formata\u00e7\u00e3o ou otimiza\u00e7\u00e3o para motores de busca (SEO) antes da publica\u00e7\u00e3o.<\/p><h2>Como enviar o seu artigo<\/h2><p>Para submeter o seu artigo como convidado, envie-o por e-mail em formato Word ou Google Docs, juntamente com:<\/p><ul><li><p>URL do site<\/p><\/li><li><p>Palavra-chave alvo<\/p><\/li><\/ul><p>Envie a sua inscri\u00e7\u00e3o para:<\/p><p><strong>E-mail:<\/strong> <a href=\"mailto:support@bulkdapa.site\">support@bulkdapa.site<\/a><\/p><p>Torne-se colaborador no BulkDapa.site e partilhe o seu conhecimento de SEO com um p\u00fablico global e focado no marketing digital.<\/p>\t\t\t\t\t\t\t\t<\/div>\n\t\t\t\t<\/div>\n\t\t\t\t\t<\/div>\n\t\t\t\t<\/div>\n\t\t\t\t<\/div>","protected":false},"excerpt":{"rendered":"<p>Write For Us Submit Your Blog to BulkDapa.site BulkDapa.site is a dedicated platform focused on SEO tools, digital marketing services, [&hellip;]<\/p>","protected":false},"author":2,"featured_media":0,"parent":0,"menu_order":0,"comment_status":"closed","ping_status":"closed","template":"","meta":{"_acf_changed":false,"site-sidebar-layout":"no-sidebar","site-content-layout":"","ast-site-content-layout":"full-width-container","site-content-style":"default","site-sidebar-style":"default","ast-global-header-display":"","ast-banner-title-visibility":"","ast-main-header-display":"","ast-hfb-above-header-display":"","ast-hfb-below-header-display":"","ast-hfb-mobile-header-display":"","site-post-title":"disabled","ast-breadcrumbs-content":"","ast-featured-img":"disabled","footer-sml-layout":"","ast-disable-related-posts":"","theme-transparent-header-meta":"default","adv-header-id-meta":"","stick-header-meta":"","header-above-stick-meta":"","header-main-stick-meta":"","header-below-stick-meta":"","astra-migrate-meta-layouts":"set","ast-page-background-enabled":"default","ast-page-background-meta":{"desktop":{"background-color":"var(--ast-global-color-5)","background-image":"","background-repeat":"repeat","background-position":"center center","background-size":"auto","background-attachment":"scroll","background-type":"","background-media":"","overlay-type":"","overlay-color":"","overlay-opacity":"","overlay-gradient":""},"tablet":{"background-color":"","background-image":"","background-repeat":"repeat","background-position":"center center","background-size":"auto","background-attachment":"scroll","background-type":"","background-media":"","overlay-type":"","overlay-color":"","overlay-opacity":"","overlay-gradient":""},"mobile":{"background-color":"","background-image":"","background-repeat":"repeat","background-position":"center center","background-size":"auto","background-attachment":"scroll","background-type":"","background-media":"","overlay-type":"","overlay-color":"","overlay-opacity":"","overlay-gradient":""}},"ast-content-background-meta":{"desktop":{"background-color":"var(--ast-global-color-4)","background-image":"","background-repeat":"repeat","background-position":"center center","background-size":"auto","background-attachment":"scroll","background-type":"","background-media":"","overlay-type":"","overlay-color":"","overlay-opacity":"","overlay-gradient":""},"tablet":{"background-color":"var(--ast-global-color-4)","background-image":"","background-repeat":"repeat","background-position":"center center","background-size":"auto","background-attachment":"scroll","background-type":"","background-media":"","overlay-type":"","overlay-color":"","overlay-opacity":"","overlay-gradient":""},"mobile":{"background-color":"var(--ast-global-color-4)","background-image":"","background-repeat":"repeat","background-position":"center center","background-size":"auto","background-attachment":"scroll","background-type":"","background-media":"","overlay-type":"","overlay-color":"","overlay-opacity":"","overlay-gradient":""}},"footnotes":""},"class_list":["post-838","page","type-page","status-publish","hentry"],"acf":[],"_links":{"self":[{"href":"https:\/\/bulkdapa.site\/pt\/wp-json\/wp\/v2\/pages\/838","targetHints":{"allow":["GET"]}}],"collection":[{"href":"https:\/\/bulkdapa.site\/pt\/wp-json\/wp\/v2\/pages"}],"about":[{"href":"https:\/\/bulkdapa.site\/pt\/wp-json\/wp\/v2\/types\/page"}],"author":[{"embeddable":true,"href":"https:\/\/bulkdapa.site\/pt\/wp-json\/wp\/v2\/users\/2"}],"replies":[{"embeddable":true,"href":"https:\/\/bulkdapa.site\/pt\/wp-json\/wp\/v2\/comments?post=838"}],"version-history":[{"count":29,"href":"https:\/\/bulkdapa.site\/pt\/wp-json\/wp\/v2\/pages\/838\/revisions"}],"predecessor-version":[{"id":869,"href":"https:\/\/bulkdapa.site\/pt\/wp-json\/wp\/v2\/pages\/838\/revisions\/869"}],"wp:attachment":[{"href":"https:\/\/bulkdapa.site\/pt\/wp-json\/wp\/v2\/media?parent=838"}],"curies":[{"name":"wp","href":"https:\/\/api.w.org\/{rel}","templated":true}]}}