{"id":24,"date":"2025-11-17T19:25:15","date_gmt":"2025-11-17T19:25:15","guid":{"rendered":"https:\/\/bulkdapa.site\/?page_id=24"},"modified":"2026-02-25T06:21:56","modified_gmt":"2026-02-25T06:21:56","slug":"terms","status":"publish","type":"page","link":"https:\/\/bulkdapa.site\/sv\/terms\/","title":{"rendered":"Villkor"},"content":{"rendered":"<p>Senast uppdaterad: 18 november 2025<\/p>\n<p>Genom att anv\u00e4nda <a href=\"http:\/\/bulkDAPA.site\" target=\"_blank\" rel=\"noopener\"><strong>bulkDAPA.webbplats<\/strong><\/a>, godk\u00e4nner du f\u00f6ljande anv\u00e4ndarvillkor. Om du inte godk\u00e4nner dem, v\u00e4nligen sluta anv\u00e4nda v\u00e5r webbplats.<\/p>\n<h2>Acceptabel anv\u00e4ndning<\/h2>\n<p>Du samtycker till att inte:<\/p>\n<ul>\n<li>Anv\u00e4nd webbplatsen f\u00f6r olagliga aktiviteter<\/li>\n<li>F\u00f6rs\u00f6k att st\u00f6ra eller hacka n\u00e5gon funktionalitet<\/li>\n<li>Ange skadliga eller skadliga skript i v\u00e5ra verktyg<\/li>\n<li>Kopiera, bak\u00e5tkompilera eller replikera v\u00e5ra tj\u00e4nster<\/li>\n<\/ul>\n<h2>Verktygets noggrannhet<\/h2>\n<p>V\u00e5ra DA\/PA\/SS-verktyg \u00e4r beroende av datak\u00e4llor fr\u00e5n tredje part. Vi garanterar inte:<\/p>\n<ul>\n<li>Noggrannhet<\/li>\n<li>Tillg\u00e4nglighet<\/li>\n<li>Kontinuitet i resultaten<\/li>\n<\/ul>\n<h2>Immateriella r\u00e4ttigheter<\/h2>\n<p>Allt inneh\u00e5ll, allt varum\u00e4rke och allt verktyg p\u00e5 bulkDAPA.site \u00e4gs av oss. Obeh\u00f6rig kopiering eller vidaredistribution \u00e4r inte till\u00e5ten.<\/p>\n<h2>Ansvarsbegr\u00e4nsning<\/h2>\n<p>Vi \u00e4r inte ansvariga f\u00f6r:<\/p>\n<ul>\n<li>F\u00f6rluster till f\u00f6ljd av felaktiga resultat<\/li>\n<li>Driftstopp eller tekniska problem<\/li>\n<li>Eventuella skador som uppst\u00e5r till f\u00f6ljd av anv\u00e4ndning av v\u00e5ra verktyg<\/li>\n<\/ul>\n<h2>\u00c4ndringar av villkor<\/h2>\n<p>Vi kan komma att uppdatera v\u00e5ra anv\u00e4ndarvillkor n\u00e4r som helst. Fortsatt anv\u00e4ndning inneb\u00e4r godk\u00e4nnande av uppdaterade villkor.<\/p>\n<p>&nbsp;<\/p>","protected":false},"excerpt":{"rendered":"<p>Last Updated: Nov 18 2025 By using bulkDAPA.site, you agree to the following Terms of Use. If you do not [&hellip;]<\/p>","protected":false},"author":2,"featured_media":0,"parent":0,"menu_order":0,"comment_status":"closed","ping_status":"closed","template":"","meta":{"_acf_changed":false,"site-sidebar-layout":"default","site-content-layout":"","ast-site-content-layout":"default","site-content-style":"default","site-sidebar-style":"default","ast-global-header-display":"","ast-banner-title-visibility":"","ast-main-header-display":"","ast-hfb-above-header-display":"","ast-hfb-below-header-display":"","ast-hfb-mobile-header-display":"","site-post-title":"","ast-breadcrumbs-content":"","ast-featured-img":"","footer-sml-layout":"","ast-disable-related-posts":"","theme-transparent-header-meta":"default","adv-header-id-meta":"","stick-header-meta":"","header-above-stick-meta":"","header-main-stick-meta":"","header-below-stick-meta":"","astra-migrate-meta-layouts":"set","ast-page-background-enabled":"default","ast-page-background-meta":{"desktop":{"background-color":"var(--ast-global-color-5)","background-image":"","background-repeat":"repeat","background-position":"center center","background-size":"auto","background-attachment":"scroll","background-type":"","background-media":"","overlay-type":"","overlay-color":"","overlay-opacity":"","overlay-gradient":""},"tablet":{"background-color":"","background-image":"","background-repeat":"repeat","background-position":"center center","background-size":"auto","background-attachment":"scroll","background-type":"","background-media":"","overlay-type":"","overlay-color":"","overlay-opacity":"","overlay-gradient":""},"mobile":{"background-color":"","background-image":"","background-repeat":"repeat","background-position":"center center","background-size":"auto","background-attachment":"scroll","background-type":"","background-media":"","overlay-type":"","overlay-color":"","overlay-opacity":"","overlay-gradient":""}},"ast-content-background-meta":{"desktop":{"background-color":"var(--ast-global-color-4)","background-image":"","background-repeat":"repeat","background-position":"center center","background-size":"auto","background-attachment":"scroll","background-type":"","background-media":"","overlay-type":"","overlay-color":"","overlay-opacity":"","overlay-gradient":""},"tablet":{"background-color":"var(--ast-global-color-4)","background-image":"","background-repeat":"repeat","background-position":"center center","background-size":"auto","background-attachment":"scroll","background-type":"","background-media":"","overlay-type":"","overlay-color":"","overlay-opacity":"","overlay-gradient":""},"mobile":{"background-color":"var(--ast-global-color-4)","background-image":"","background-repeat":"repeat","background-position":"center center","background-size":"auto","background-attachment":"scroll","background-type":"","background-media":"","overlay-type":"","overlay-color":"","overlay-opacity":"","overlay-gradient":""}},"footnotes":""},"class_list":["post-24","page","type-page","status-publish","hentry"],"acf":[],"_links":{"self":[{"href":"https:\/\/bulkdapa.site\/sv\/wp-json\/wp\/v2\/pages\/24","targetHints":{"allow":["GET"]}}],"collection":[{"href":"https:\/\/bulkdapa.site\/sv\/wp-json\/wp\/v2\/pages"}],"about":[{"href":"https:\/\/bulkdapa.site\/sv\/wp-json\/wp\/v2\/types\/page"}],"author":[{"embeddable":true,"href":"https:\/\/bulkdapa.site\/sv\/wp-json\/wp\/v2\/users\/2"}],"replies":[{"embeddable":true,"href":"https:\/\/bulkdapa.site\/sv\/wp-json\/wp\/v2\/comments?post=24"}],"version-history":[{"count":3,"href":"https:\/\/bulkdapa.site\/sv\/wp-json\/wp\/v2\/pages\/24\/revisions"}],"predecessor-version":[{"id":821,"href":"https:\/\/bulkdapa.site\/sv\/wp-json\/wp\/v2\/pages\/24\/revisions\/821"}],"wp:attachment":[{"href":"https:\/\/bulkdapa.site\/sv\/wp-json\/wp\/v2\/media?parent=24"}],"curies":[{"name":"wp","href":"https:\/\/api.w.org\/{rel}","templated":true}]}}