{"id":27,"date":"2025-11-17T19:25:46","date_gmt":"2025-11-17T19:25:46","guid":{"rendered":"https:\/\/bulkdapa.site\/?page_id=27"},"modified":"2026-02-25T06:20:53","modified_gmt":"2026-02-25T06:20:53","slug":"disclaimer","status":"publish","type":"page","link":"https:\/\/bulkdapa.site\/sv\/disclaimer\/","title":{"rendered":"Ansvarsfriskrivning"},"content":{"rendered":"<p>Verktygen och informationen som tillhandah\u00e5lls p\u00e5 <a href=\"http:\/\/bulkDAPA.site\" target=\"_blank\" rel=\"noopener\"><strong>bulkDAPA.webbplats<\/strong><\/a> \u00e4r endast f\u00f6r informations- och utbildnings\u00e4ndam\u00e5l.<\/p>\n<ul>\n<li>Vi g\u00f6r <strong>inte<\/strong> garantera 100 % noggrannhet f\u00f6r DA-, PA- eller spampo\u00e4ngm\u00e4tv\u00e4rden.<\/li>\n<li>Resultaten kan variera beroende p\u00e5 tredjepartsdatak\u00e4llor.<\/li>\n<li>Ingenting p\u00e5 denna webbplats ska tolkas som professionella SEO-r\u00e5d.<\/li>\n<li>Anv\u00e4ndningen av v\u00e5ra verktyg \u00e4r <strong>p\u00e5 egen risk<\/strong>.<\/li>\n<\/ul>\n<p>F\u00f6r professionell SEO-v\u00e4gledning, kontakta en certifierad expert.<\/p>","protected":false},"excerpt":{"rendered":"<p>The tools and information provided on bulkDAPA.site are for informational and educational purposes only. We do not guarantee 100% accuracy [&hellip;]<\/p>","protected":false},"author":2,"featured_media":0,"parent":0,"menu_order":0,"comment_status":"closed","ping_status":"closed","template":"","meta":{"_acf_changed":false,"site-sidebar-layout":"default","site-content-layout":"","ast-site-content-layout":"default","site-content-style":"default","site-sidebar-style":"default","ast-global-header-display":"","ast-banner-title-visibility":"","ast-main-header-display":"","ast-hfb-above-header-display":"","ast-hfb-below-header-display":"","ast-hfb-mobile-header-display":"","site-post-title":"","ast-breadcrumbs-content":"","ast-featured-img":"","footer-sml-layout":"","ast-disable-related-posts":"","theme-transparent-header-meta":"default","adv-header-id-meta":"","stick-header-meta":"","header-above-stick-meta":"","header-main-stick-meta":"","header-below-stick-meta":"","astra-migrate-meta-layouts":"set","ast-page-background-enabled":"default","ast-page-background-meta":{"desktop":{"background-color":"var(--ast-global-color-5)","background-image":"","background-repeat":"repeat","background-position":"center center","background-size":"auto","background-attachment":"scroll","background-type":"","background-media":"","overlay-type":"","overlay-color":"","overlay-opacity":"","overlay-gradient":""},"tablet":{"background-color":"","background-image":"","background-repeat":"repeat","background-position":"center center","background-size":"auto","background-attachment":"scroll","background-type":"","background-media":"","overlay-type":"","overlay-color":"","overlay-opacity":"","overlay-gradient":""},"mobile":{"background-color":"","background-image":"","background-repeat":"repeat","background-position":"center center","background-size":"auto","background-attachment":"scroll","background-type":"","background-media":"","overlay-type":"","overlay-color":"","overlay-opacity":"","overlay-gradient":""}},"ast-content-background-meta":{"desktop":{"background-color":"var(--ast-global-color-4)","background-image":"","background-repeat":"repeat","background-position":"center center","background-size":"auto","background-attachment":"scroll","background-type":"","background-media":"","overlay-type":"","overlay-color":"","overlay-opacity":"","overlay-gradient":""},"tablet":{"background-color":"var(--ast-global-color-4)","background-image":"","background-repeat":"repeat","background-position":"center center","background-size":"auto","background-attachment":"scroll","background-type":"","background-media":"","overlay-type":"","overlay-color":"","overlay-opacity":"","overlay-gradient":""},"mobile":{"background-color":"var(--ast-global-color-4)","background-image":"","background-repeat":"repeat","background-position":"center center","background-size":"auto","background-attachment":"scroll","background-type":"","background-media":"","overlay-type":"","overlay-color":"","overlay-opacity":"","overlay-gradient":""}},"footnotes":""},"class_list":["post-27","page","type-page","status-publish","hentry"],"acf":[],"_links":{"self":[{"href":"https:\/\/bulkdapa.site\/sv\/wp-json\/wp\/v2\/pages\/27","targetHints":{"allow":["GET"]}}],"collection":[{"href":"https:\/\/bulkdapa.site\/sv\/wp-json\/wp\/v2\/pages"}],"about":[{"href":"https:\/\/bulkdapa.site\/sv\/wp-json\/wp\/v2\/types\/page"}],"author":[{"embeddable":true,"href":"https:\/\/bulkdapa.site\/sv\/wp-json\/wp\/v2\/users\/2"}],"replies":[{"embeddable":true,"href":"https:\/\/bulkdapa.site\/sv\/wp-json\/wp\/v2\/comments?post=27"}],"version-history":[{"count":3,"href":"https:\/\/bulkdapa.site\/sv\/wp-json\/wp\/v2\/pages\/27\/revisions"}],"predecessor-version":[{"id":818,"href":"https:\/\/bulkdapa.site\/sv\/wp-json\/wp\/v2\/pages\/27\/revisions\/818"}],"wp:attachment":[{"href":"https:\/\/bulkdapa.site\/sv\/wp-json\/wp\/v2\/media?parent=27"}],"curies":[{"name":"wp","href":"https:\/\/api.w.org\/{rel}","templated":true}]}}