{"id":838,"date":"2026-02-28T19:43:16","date_gmt":"2026-02-28T19:43:16","guid":{"rendered":"https:\/\/bulkdapa.site\/?page_id=838"},"modified":"2026-02-28T20:32:42","modified_gmt":"2026-02-28T20:32:42","slug":"write-for-us","status":"publish","type":"page","link":"https:\/\/bulkdapa.site\/sv\/write-for-us\/","title":{"rendered":"Skriv f\u00f6r oss"},"content":{"rendered":"<div data-elementor-type=\"wp-page\" data-elementor-id=\"838\" class=\"elementor elementor-838\" data-elementor-post-type=\"page\">\n\t\t\t\t<div class=\"elementor-element elementor-element-3b3c517 e-flex e-con-boxed e-con e-parent\" data-id=\"3b3c517\" data-element_type=\"container\" data-e-type=\"container\">\n\t\t\t\t\t<div class=\"e-con-inner\">\n\t\t<div class=\"elementor-element elementor-element-c6b24f0 e-con-full e-flex e-con e-child\" data-id=\"c6b24f0\" data-element_type=\"container\" data-e-type=\"container\" data-settings=\"{&quot;background_background&quot;:&quot;classic&quot;}\">\n\t\t\t\t<div class=\"elementor-element elementor-element-8ac1341 elementor-widget elementor-widget-image\" data-id=\"8ac1341\" data-element_type=\"widget\" data-e-type=\"widget\" data-widget_type=\"image.default\">\n\t\t\t\t\t\t\t\t\t\t\t\t\t\t\t<img fetchpriority=\"high\" decoding=\"async\" width=\"1280\" height=\"720\" src=\"https:\/\/bulkdapa.site\/wp-content\/uploads\/2026\/02\/Write-For-Us-1.png\" class=\"attachment-full size-full wp-image-841\" alt=\"write for us\" srcset=\"https:\/\/bulkdapa.site\/wp-content\/uploads\/2026\/02\/Write-For-Us-1.png 1280w, https:\/\/bulkdapa.site\/wp-content\/uploads\/2026\/02\/Write-For-Us-1-300x169.png 300w, https:\/\/bulkdapa.site\/wp-content\/uploads\/2026\/02\/Write-For-Us-1-1024x576.png 1024w, https:\/\/bulkdapa.site\/wp-content\/uploads\/2026\/02\/Write-For-Us-1-768x432.png 768w\" sizes=\"(max-width: 1280px) 100vw, 1280px\" \/>\t\t\t\t\t\t\t\t\t\t\t\t\t\t\t<\/div>\n\t\t\t\t<div class=\"elementor-element elementor-element-39434ad elementor-widget elementor-widget-heading\" data-id=\"39434ad\" data-element_type=\"widget\" data-e-type=\"widget\" data-widget_type=\"heading.default\">\n\t\t\t\t\t<h1 class=\"elementor-heading-title elementor-size-default\">Skriv f\u00f6r oss<\/h1>\t\t\t\t<\/div>\n\t\t\t\t<div class=\"elementor-element elementor-element-c48d7cc elementor-widget elementor-widget-text-editor\" data-id=\"c48d7cc\" data-element_type=\"widget\" data-e-type=\"widget\" data-widget_type=\"text-editor.default\">\n\t\t\t\t\t\t\t\t\t<h2>Skicka in din blogg till BulkDapa.site<\/h2><p>BulkDapa.site \u00e4r en dedikerad plattform inriktad p\u00e5 SEO-verktyg, digitala marknadsf\u00f6ringstj\u00e4nster och h\u00f6gkvalitativt utbildningsinneh\u00e5ll. Vi publicerar praktiska guider, verktygsbaserade l\u00f6sningar och djupg\u00e5ende artiklar utformade f\u00f6r att hj\u00e4lpa webbplats\u00e4gare, bloggare, marknadsf\u00f6rare och byr\u00e5er att f\u00f6rb\u00e4ttra sina s\u00f6kmotorrankningar och synlighet online.<\/p><p>Om du specialiserar dig p\u00e5 SEO, digital marknadsf\u00f6ring, webboptimering eller relaterade tj\u00e4nster, v\u00e4lkomnar vi dig att bidra och dela din expertis med v\u00e5r v\u00e4xande publik.<\/p><p>Vi har byggt upp en professionell gemenskap av SEO-experter, utvecklare och inneh\u00e5llsskapare. L\u00e4sare fr\u00e5n hela v\u00e4rlden bes\u00f6ker BulkDapa.site f\u00f6r att anv\u00e4nda v\u00e5ra SEO-verktyg och l\u00e4ra sig bepr\u00f6vade strategier f\u00f6r trafiktillv\u00e4xt och auktoritetsbyggande. G\u00e4stbidragsgivare f\u00e5r en gratis do-follow-l\u00e4nk och exponering f\u00f6r en riktad SEO-publik.<\/p><h2>\u00c4mnen f\u00f6r g\u00e4stinl\u00e4gg som vi accepterar<\/h2><p>Vi tar f\u00f6r n\u00e4rvarande emot g\u00e4stinl\u00e4gg relaterade till:<\/p><ul><li><p>S\u00f6kmotoroptimering (SEO)<\/p><\/li><li><p>Dom\u00e4nauktoritet (DA) och sidauktoritet (PA)<\/p><\/li><li><p>Strategier f\u00f6r l\u00e4nkbyggande<\/p><\/li><li><p>Nyckelordsanalys<\/p><\/li><li><p>SEO p\u00e5 sidan<\/p><\/li><li><p>Off-page SEO<\/p><\/li><li><p>Teknisk SEO<\/p><\/li><li><p>Lokal SEO<\/p><\/li><li><p>SEO-verktyg och programvarurecensioner<\/p><\/li><li><p>Digitala marknadsf\u00f6ringsstrategier<\/p><\/li><li><p>Inneh\u00e5llsmarknadsf\u00f6ring<\/p><\/li><li><p>Webbplatsoptimering<\/p><\/li><li><p>Bloggande och affiliate-marknadsf\u00f6ring (SEO-fokuserad)<\/p><\/li><li><p>Webbutveckling (endast SEO-relaterade \u00e4mnen)<\/p><\/li><\/ul><p>Inneh\u00e5llet m\u00e5ste vara direkt relaterat till SEO, digital marknadsf\u00f6ring eller webbplatsutveckling. Allm\u00e4nna livsstils- eller underh\u00e5llnings\u00e4mnen accepteras inte.<\/p><h2>Riktlinjer f\u00f6r inskick av g\u00e4stinl\u00e4gg<\/h2><p>F\u00f6r att bibeh\u00e5lla kvalitet och relevans, v\u00e4nligen f\u00f6lj dessa riktlinjer:<\/p><ul><li><p>Artikelns l\u00e4ngd m\u00e5ste vara minst 600 ord.<\/p><\/li><li><p>Inneh\u00e5llet m\u00e5ste vara 100 % originellt, unikt och opublicerat n\u00e5gon annanstans.<\/p><\/li><li><p>Noggrann s\u00f6kordsanalys rekommenderas, helst med inriktning p\u00e5 ett long-tail-s\u00f6kord.<\/p><\/li><li><p>Bibeh\u00e5ll naturlig s\u00f6kordst\u00e4thet och SEO-v\u00e4nlig struktur.<\/p><\/li><li><p>Artiklar m\u00e5ste ha korrekt grammatik, tydlig formatering och v\u00e4lstrukturerade rubriker.<\/p><\/li><li><p>Spinninneh\u00e5ll, duplicerat inneh\u00e5ll eller AI-spaminneh\u00e5ll kommer att avvisas.<\/p><\/li><li><p>En relevant do-follow-l\u00e4nk till din webbplats \u00e4r till\u00e5ten.<\/p><\/li><li><p>L\u00e4nken m\u00e5ste vara relevant f\u00f6r artikelns \u00e4mne och din webbplats nisch.<\/p><\/li><li><p>Irrelevanta l\u00e4nkar kommer inte att accepteras.<\/p><\/li><li><p>Minst en relevant bild m\u00e5ste inkluderas (fler rekommenderas f\u00f6r b\u00e4ttre presentation).<\/p><\/li><li><p>Affiliate-, kasino-, spel-, vuxen-, farmaceutiskt eller olagligt inneh\u00e5ll \u00e4r str\u00e4ngt f\u00f6rbjudet.<\/p><\/li><\/ul><p>Vi erbjuder en gratis do-follow-l\u00e4nk till din webbplats i artikeln. F\u00f6r reklam- eller tj\u00e4nstebaserade l\u00e4nkar utanf\u00f6r SEO-relevans kr\u00e4vs redaktionellt godk\u00e4nnande.<\/p><h2>Gransknings- och publiceringsprocess<\/h2><p>Allt inskickat inneh\u00e5ll granskas manuellt med avseende p\u00e5 kvalitet, originalitet och SEO-v\u00e4rde.<\/p><ul><li><p>Granskningstid: Upp till 24 timmar<\/p><\/li><li><p>Publiceringstid (om godk\u00e4nt): Inom 24 timmar efter godk\u00e4nnande<\/p><\/li><\/ul><p>Vi f\u00f6rbeh\u00e5ller oss r\u00e4tten att redigera inneh\u00e5ll f\u00f6r tydlighet, formatering eller SEO-optimering f\u00f6re publicering.<\/p><h2>Hur du skickar in din artikel<\/h2><p>F\u00f6r att skicka in ditt g\u00e4stinl\u00e4gg, v\u00e4nligen skicka din artikel via e-post i Word- eller Google Docs-format tillsammans med:<\/p><ul><li><p>Webbplatsens URL<\/p><\/li><li><p>M\u00e5ls\u00f6kord<\/p><\/li><\/ul><p>Skicka ditt bidrag till:<\/p><p><strong>E-post:<\/strong> <a href=\"mailto:support@bulkdapa.site\">support@bulkdapa.site<\/a><\/p><p>Bli en bidragsgivare p\u00e5 BulkDapa.site och dela dina SEO-kunskaper med en fokuserad, global m\u00e5lgrupp inom digital marknadsf\u00f6ring.<\/p>\t\t\t\t\t\t\t\t<\/div>\n\t\t\t\t<\/div>\n\t\t\t\t\t<\/div>\n\t\t\t\t<\/div>\n\t\t\t\t<\/div>","protected":false},"excerpt":{"rendered":"<p>Write For Us Submit Your Blog to BulkDapa.site BulkDapa.site is a dedicated platform focused on SEO tools, digital marketing services, [&hellip;]<\/p>","protected":false},"author":2,"featured_media":0,"parent":0,"menu_order":0,"comment_status":"closed","ping_status":"closed","template":"","meta":{"_acf_changed":false,"site-sidebar-layout":"no-sidebar","site-content-layout":"","ast-site-content-layout":"full-width-container","site-content-style":"default","site-sidebar-style":"default","ast-global-header-display":"","ast-banner-title-visibility":"","ast-main-header-display":"","ast-hfb-above-header-display":"","ast-hfb-below-header-display":"","ast-hfb-mobile-header-display":"","site-post-title":"disabled","ast-breadcrumbs-content":"","ast-featured-img":"disabled","footer-sml-layout":"","ast-disable-related-posts":"","theme-transparent-header-meta":"default","adv-header-id-meta":"","stick-header-meta":"","header-above-stick-meta":"","header-main-stick-meta":"","header-below-stick-meta":"","astra-migrate-meta-layouts":"set","ast-page-background-enabled":"default","ast-page-background-meta":{"desktop":{"background-color":"var(--ast-global-color-5)","background-image":"","background-repeat":"repeat","background-position":"center center","background-size":"auto","background-attachment":"scroll","background-type":"","background-media":"","overlay-type":"","overlay-color":"","overlay-opacity":"","overlay-gradient":""},"tablet":{"background-color":"","background-image":"","background-repeat":"repeat","background-position":"center center","background-size":"auto","background-attachment":"scroll","background-type":"","background-media":"","overlay-type":"","overlay-color":"","overlay-opacity":"","overlay-gradient":""},"mobile":{"background-color":"","background-image":"","background-repeat":"repeat","background-position":"center center","background-size":"auto","background-attachment":"scroll","background-type":"","background-media":"","overlay-type":"","overlay-color":"","overlay-opacity":"","overlay-gradient":""}},"ast-content-background-meta":{"desktop":{"background-color":"var(--ast-global-color-4)","background-image":"","background-repeat":"repeat","background-position":"center center","background-size":"auto","background-attachment":"scroll","background-type":"","background-media":"","overlay-type":"","overlay-color":"","overlay-opacity":"","overlay-gradient":""},"tablet":{"background-color":"var(--ast-global-color-4)","background-image":"","background-repeat":"repeat","background-position":"center center","background-size":"auto","background-attachment":"scroll","background-type":"","background-media":"","overlay-type":"","overlay-color":"","overlay-opacity":"","overlay-gradient":""},"mobile":{"background-color":"var(--ast-global-color-4)","background-image":"","background-repeat":"repeat","background-position":"center center","background-size":"auto","background-attachment":"scroll","background-type":"","background-media":"","overlay-type":"","overlay-color":"","overlay-opacity":"","overlay-gradient":""}},"footnotes":""},"class_list":["post-838","page","type-page","status-publish","hentry"],"acf":[],"_links":{"self":[{"href":"https:\/\/bulkdapa.site\/sv\/wp-json\/wp\/v2\/pages\/838","targetHints":{"allow":["GET"]}}],"collection":[{"href":"https:\/\/bulkdapa.site\/sv\/wp-json\/wp\/v2\/pages"}],"about":[{"href":"https:\/\/bulkdapa.site\/sv\/wp-json\/wp\/v2\/types\/page"}],"author":[{"embeddable":true,"href":"https:\/\/bulkdapa.site\/sv\/wp-json\/wp\/v2\/users\/2"}],"replies":[{"embeddable":true,"href":"https:\/\/bulkdapa.site\/sv\/wp-json\/wp\/v2\/comments?post=838"}],"version-history":[{"count":29,"href":"https:\/\/bulkdapa.site\/sv\/wp-json\/wp\/v2\/pages\/838\/revisions"}],"predecessor-version":[{"id":869,"href":"https:\/\/bulkdapa.site\/sv\/wp-json\/wp\/v2\/pages\/838\/revisions\/869"}],"wp:attachment":[{"href":"https:\/\/bulkdapa.site\/sv\/wp-json\/wp\/v2\/media?parent=838"}],"curies":[{"name":"wp","href":"https:\/\/api.w.org\/{rel}","templated":true}]}}